{"id":33862,"date":"2026-01-05T11:04:40","date_gmt":"2026-01-05T11:04:40","guid":{"rendered":"https:\/\/www.pvo-int.com\/?post_type=product&#038;p=33862"},"modified":"2026-01-07T07:39:43","modified_gmt":"2026-01-07T07:39:43","slug":"hornour-h1z2z2-k-dca-1500v-cable-solaire-2","status":"publish","type":"product","link":"https:\/\/www.pvo-int.com\/fr\/produit\/hornour-h1z2z2-k-dca-1500v-cable-solaire-2\/","title":{"rendered":"SOLAR CABLE H1Z2Z2-K Dca RED"},"content":{"rendered":"","protected":false},"excerpt":{"rendered":"<p data-start=\"3266\" data-end=\"3538\">Le Hornour H1Z2Z2-K Dca est un c\u00e2ble solaire 1500V DC sans halog\u00e8ne, class\u00e9 CPR-Dca. Con\u00e7u pour des installations fixes r\u00e9sidentielles, commerciales et C&amp;I. Gr\u00e2ce \u00e0 son isolation XLPO et sa r\u00e9sistance UV, il convient parfaitement aux installations ext\u00e9rieures enterr\u00e9es.<\/p>\n<p data-start=\"3540\" data-end=\"3766\">\u2713 1500V DC, isolation et gaine XLPO<br data-start=\"3575\" data-end=\"3578\" \/>\u2713 Classe feu CPR-Dca selon EN 50575<br data-start=\"3613\" data-end=\"3616\" \/>\u2713 R\u00e9sistant aux UV, \u00e0 l\u2019eau et aux intemp\u00e9ries<br data-start=\"3662\" data-end=\"3665\" \/>\u2713 Sans halog\u00e8ne, ignifuge, \u00e9tanche (AD7)<br data-start=\"3705\" data-end=\"3708\" \/>\u2713 Pose directe autoris\u00e9e<br data-start=\"3732\" data-end=\"3735\" \/>\u2713 Certifi\u00e9 T\u00fcV, jusqu\u2019\u00e0 120\u00b0C<\/p>\n","protected":false},"featured_media":33827,"comment_status":"closed","ping_status":"closed","template":"","meta":{"_acf_changed":false,"content-type":""},"product_cat":[],"product_tag":[],"class_list":{"0":"post-33862","1":"product","2":"type-product","3":"status-publish","4":"has-post-thumbnail","6":"product_brand-hornour-fr","8":"first","9":"instock","10":"shipping-taxable","11":"product-type-simple"},"acf":[],"yoast_head":"<!-- This site is optimized with the Yoast SEO plugin v27.1 - https:\/\/yoast.com\/product\/yoast-seo-wordpress\/ -->\n<title>Hornour H1Z2Z2-K Dca \u2013 C\u00e2ble solaire 1500V CPR-Dca<\/title>\n<meta name=\"description\" content=\"Hornour H1Z2Z2-K Dca c\u00e2ble solaire 1500V \u2013 sans halog\u00e8ne, r\u00e9sistant aux UV et certifi\u00e9 CPR-Dca. Id\u00e9al pour pose directe en projets solaires B2B.\" \/>\n<meta name=\"robots\" content=\"index, follow, max-snippet:-1, max-image-preview:large, max-video-preview:-1\" \/>\n<link rel=\"canonical\" href=\"https:\/\/www.pvo-int.com\/fr\/produit\/hornour-h1z2z2-k-dca-1500v-cable-solaire-2\/\" \/>\n<meta property=\"og:locale\" content=\"fr_FR\" \/>\n<meta property=\"og:type\" content=\"article\" \/>\n<meta property=\"og:title\" content=\"Hornour H1Z2Z2-K Dca \u2013 C\u00e2ble solaire 1500V CPR-Dca\" \/>\n<meta property=\"og:description\" content=\"Hornour H1Z2Z2-K Dca c\u00e2ble solaire 1500V \u2013 sans halog\u00e8ne, r\u00e9sistant aux UV et certifi\u00e9 CPR-Dca. Id\u00e9al pour pose directe en projets solaires B2B.\" \/>\n<meta property=\"og:url\" content=\"https:\/\/www.pvo-int.com\/fr\/produit\/hornour-h1z2z2-k-dca-1500v-cable-solaire-2\/\" \/>\n<meta property=\"og:site_name\" content=\"PVO International\" \/>\n<meta property=\"article:modified_time\" content=\"2026-01-07T07:39:43+00:00\" \/>\n<meta property=\"og:image\" content=\"https:\/\/www.pvo-int.com\/wp-content\/uploads\/2025\/10\/r1.jpg\" \/>\n\t<meta property=\"og:image:width\" content=\"1500\" \/>\n\t<meta property=\"og:image:height\" content=\"1500\" \/>\n\t<meta property=\"og:image:type\" content=\"image\/jpeg\" \/>\n<meta name=\"twitter:card\" content=\"summary_large_image\" \/>\n<meta name=\"twitter:label1\" content=\"Dur\u00e9e de lecture estim\u00e9e\" \/>\n\t<meta name=\"twitter:data1\" content=\"1 minute\" \/>\n<script type=\"application\/ld+json\" class=\"yoast-schema-graph\">{\"@context\":\"https:\/\/schema.org\",\"@graph\":[{\"@type\":\"WebPage\",\"@id\":\"https:\/\/www.pvo-int.com\/fr\/produit\/hornour-h1z2z2-k-dca-1500v-cable-solaire-2\/\",\"url\":\"https:\/\/www.pvo-int.com\/fr\/produit\/hornour-h1z2z2-k-dca-1500v-cable-solaire-2\/\",\"name\":\"Hornour H1Z2Z2-K Dca \u2013 C\u00e2ble solaire 1500V CPR-Dca\",\"isPartOf\":{\"@id\":\"https:\/\/www.pvo-int.com\/fr\/#website\"},\"primaryImageOfPage\":{\"@id\":\"https:\/\/www.pvo-int.com\/fr\/produit\/hornour-h1z2z2-k-dca-1500v-cable-solaire-2\/#primaryimage\"},\"image\":{\"@id\":\"https:\/\/www.pvo-int.com\/fr\/produit\/hornour-h1z2z2-k-dca-1500v-cable-solaire-2\/#primaryimage\"},\"thumbnailUrl\":\"https:\/\/www.pvo-int.com\/wp-content\/uploads\/2025\/10\/r1.jpg\",\"datePublished\":\"2026-01-05T11:04:40+00:00\",\"dateModified\":\"2026-01-07T07:39:43+00:00\",\"description\":\"Hornour H1Z2Z2-K Dca c\u00e2ble solaire 1500V \u2013 sans halog\u00e8ne, r\u00e9sistant aux UV et certifi\u00e9 CPR-Dca. Id\u00e9al pour pose directe en projets solaires B2B.\",\"breadcrumb\":{\"@id\":\"https:\/\/www.pvo-int.com\/fr\/produit\/hornour-h1z2z2-k-dca-1500v-cable-solaire-2\/#breadcrumb\"},\"inLanguage\":\"fr-FR\",\"potentialAction\":[{\"@type\":\"ReadAction\",\"target\":[\"https:\/\/www.pvo-int.com\/fr\/produit\/hornour-h1z2z2-k-dca-1500v-cable-solaire-2\/\"]}]},{\"@type\":\"ImageObject\",\"inLanguage\":\"fr-FR\",\"@id\":\"https:\/\/www.pvo-int.com\/fr\/produit\/hornour-h1z2z2-k-dca-1500v-cable-solaire-2\/#primaryimage\",\"url\":\"https:\/\/www.pvo-int.com\/wp-content\/uploads\/2025\/10\/r1.jpg\",\"contentUrl\":\"https:\/\/www.pvo-int.com\/wp-content\/uploads\/2025\/10\/r1.jpg\",\"width\":1500,\"height\":1500},{\"@type\":\"BreadcrumbList\",\"@id\":\"https:\/\/www.pvo-int.com\/fr\/produit\/hornour-h1z2z2-k-dca-1500v-cable-solaire-2\/#breadcrumb\",\"itemListElement\":[{\"@type\":\"ListItem\",\"position\":1,\"name\":\"Home\",\"item\":\"https:\/\/www.pvo-int.com\/fr\/\"},{\"@type\":\"ListItem\",\"position\":2,\"name\":\"Produits\",\"item\":\"https:\/\/www.pvo-int.com\/fr\/shop\/\"},{\"@type\":\"ListItem\",\"position\":3,\"name\":\"SOLAR CABLE H1Z2Z2-K Dca RED\"}]},{\"@type\":\"WebSite\",\"@id\":\"https:\/\/www.pvo-int.com\/fr\/#website\",\"url\":\"https:\/\/www.pvo-int.com\/fr\/\",\"name\":\"PVO International\",\"description\":\"\",\"potentialAction\":[{\"@type\":\"SearchAction\",\"target\":{\"@type\":\"EntryPoint\",\"urlTemplate\":\"https:\/\/www.pvo-int.com\/fr\/?s={search_term_string}\"},\"query-input\":{\"@type\":\"PropertyValueSpecification\",\"valueRequired\":true,\"valueName\":\"search_term_string\"}}],\"inLanguage\":\"fr-FR\"}]}<\/script>\n<!-- \/ Yoast SEO plugin. -->","yoast_head_json":{"title":"Hornour H1Z2Z2-K Dca \u2013 C\u00e2ble solaire 1500V CPR-Dca","description":"Hornour H1Z2Z2-K Dca c\u00e2ble solaire 1500V \u2013 sans halog\u00e8ne, r\u00e9sistant aux UV et certifi\u00e9 CPR-Dca. Id\u00e9al pour pose directe en projets solaires B2B.","robots":{"index":"index","follow":"follow","max-snippet":"max-snippet:-1","max-image-preview":"max-image-preview:large","max-video-preview":"max-video-preview:-1"},"canonical":"https:\/\/www.pvo-int.com\/fr\/produit\/hornour-h1z2z2-k-dca-1500v-cable-solaire-2\/","og_locale":"fr_FR","og_type":"article","og_title":"Hornour H1Z2Z2-K Dca \u2013 C\u00e2ble solaire 1500V CPR-Dca","og_description":"Hornour H1Z2Z2-K Dca c\u00e2ble solaire 1500V \u2013 sans halog\u00e8ne, r\u00e9sistant aux UV et certifi\u00e9 CPR-Dca. Id\u00e9al pour pose directe en projets solaires B2B.","og_url":"https:\/\/www.pvo-int.com\/fr\/produit\/hornour-h1z2z2-k-dca-1500v-cable-solaire-2\/","og_site_name":"PVO International","article_modified_time":"2026-01-07T07:39:43+00:00","og_image":[{"width":1500,"height":1500,"url":"https:\/\/www.pvo-int.com\/wp-content\/uploads\/2025\/10\/r1.jpg","type":"image\/jpeg"}],"twitter_card":"summary_large_image","twitter_misc":{"Dur\u00e9e de lecture estim\u00e9e":"1 minute"},"schema":{"@context":"https:\/\/schema.org","@graph":[{"@type":"WebPage","@id":"https:\/\/www.pvo-int.com\/fr\/produit\/hornour-h1z2z2-k-dca-1500v-cable-solaire-2\/","url":"https:\/\/www.pvo-int.com\/fr\/produit\/hornour-h1z2z2-k-dca-1500v-cable-solaire-2\/","name":"Hornour H1Z2Z2-K Dca \u2013 C\u00e2ble solaire 1500V CPR-Dca","isPartOf":{"@id":"https:\/\/www.pvo-int.com\/fr\/#website"},"primaryImageOfPage":{"@id":"https:\/\/www.pvo-int.com\/fr\/produit\/hornour-h1z2z2-k-dca-1500v-cable-solaire-2\/#primaryimage"},"image":{"@id":"https:\/\/www.pvo-int.com\/fr\/produit\/hornour-h1z2z2-k-dca-1500v-cable-solaire-2\/#primaryimage"},"thumbnailUrl":"https:\/\/www.pvo-int.com\/wp-content\/uploads\/2025\/10\/r1.jpg","datePublished":"2026-01-05T11:04:40+00:00","dateModified":"2026-01-07T07:39:43+00:00","description":"Hornour H1Z2Z2-K Dca c\u00e2ble solaire 1500V \u2013 sans halog\u00e8ne, r\u00e9sistant aux UV et certifi\u00e9 CPR-Dca. Id\u00e9al pour pose directe en projets solaires B2B.","breadcrumb":{"@id":"https:\/\/www.pvo-int.com\/fr\/produit\/hornour-h1z2z2-k-dca-1500v-cable-solaire-2\/#breadcrumb"},"inLanguage":"fr-FR","potentialAction":[{"@type":"ReadAction","target":["https:\/\/www.pvo-int.com\/fr\/produit\/hornour-h1z2z2-k-dca-1500v-cable-solaire-2\/"]}]},{"@type":"ImageObject","inLanguage":"fr-FR","@id":"https:\/\/www.pvo-int.com\/fr\/produit\/hornour-h1z2z2-k-dca-1500v-cable-solaire-2\/#primaryimage","url":"https:\/\/www.pvo-int.com\/wp-content\/uploads\/2025\/10\/r1.jpg","contentUrl":"https:\/\/www.pvo-int.com\/wp-content\/uploads\/2025\/10\/r1.jpg","width":1500,"height":1500},{"@type":"BreadcrumbList","@id":"https:\/\/www.pvo-int.com\/fr\/produit\/hornour-h1z2z2-k-dca-1500v-cable-solaire-2\/#breadcrumb","itemListElement":[{"@type":"ListItem","position":1,"name":"Home","item":"https:\/\/www.pvo-int.com\/fr\/"},{"@type":"ListItem","position":2,"name":"Produits","item":"https:\/\/www.pvo-int.com\/fr\/shop\/"},{"@type":"ListItem","position":3,"name":"SOLAR CABLE H1Z2Z2-K Dca RED"}]},{"@type":"WebSite","@id":"https:\/\/www.pvo-int.com\/fr\/#website","url":"https:\/\/www.pvo-int.com\/fr\/","name":"PVO International","description":"","potentialAction":[{"@type":"SearchAction","target":{"@type":"EntryPoint","urlTemplate":"https:\/\/www.pvo-int.com\/fr\/?s={search_term_string}"},"query-input":{"@type":"PropertyValueSpecification","valueRequired":true,"valueName":"search_term_string"}}],"inLanguage":"fr-FR"}]}},"_links":{"self":[{"href":"https:\/\/www.pvo-int.com\/fr\/wp-json\/wp\/v2\/product\/33862","targetHints":{"allow":["GET"]}}],"collection":[{"href":"https:\/\/www.pvo-int.com\/fr\/wp-json\/wp\/v2\/product"}],"about":[{"href":"https:\/\/www.pvo-int.com\/fr\/wp-json\/wp\/v2\/types\/product"}],"replies":[{"embeddable":true,"href":"https:\/\/www.pvo-int.com\/fr\/wp-json\/wp\/v2\/comments?post=33862"}],"wp:featuredmedia":[{"embeddable":true,"href":"https:\/\/www.pvo-int.com\/fr\/wp-json\/wp\/v2\/media\/33827"}],"wp:attachment":[{"href":"https:\/\/www.pvo-int.com\/fr\/wp-json\/wp\/v2\/media?parent=33862"}],"wp:term":[{"taxonomy":"product_cat","embeddable":true,"href":"https:\/\/www.pvo-int.com\/fr\/wp-json\/wp\/v2\/product_cat?post=33862"},{"taxonomy":"product_tag","embeddable":true,"href":"https:\/\/www.pvo-int.com\/fr\/wp-json\/wp\/v2\/product_tag?post=33862"}],"curies":[{"name":"wp","href":"https:\/\/api.w.org\/{rel}","templated":true}]}}