{"id":33432,"date":"2025-09-24T14:19:46","date_gmt":"2025-09-24T14:19:46","guid":{"rendered":"https:\/\/www.pvo-int.com\/?post_type=product&#038;p=33432"},"modified":"2025-09-24T14:23:37","modified_gmt":"2025-09-24T14:23:37","slug":"trina-vertex-s-plus-tsm-neg18r25-full-black-490-515w","status":"publish","type":"product","link":"https:\/\/www.pvo-int.com\/fr\/produit\/trina-vertex-s-plus-tsm-neg18r25-full-black-490-515w\/","title":{"rendered":"TRINA VERTEX S+ DUAL GLAS 485-515W"},"content":{"rendered":"","protected":false},"excerpt":{"rendered":"<p data-start=\"3102\" data-end=\"3369\">Le Trina Solar Vertex S+ TSM-NEG18R.25 est un module PV bi-verre haute performance dot\u00e9 de la technologie N-type i-TOPCon, con\u00e7u pour les toitures commerciales et industrielles. Avec jusqu\u2019\u00e0 515\u202fW et 23,2\u202f% de rendement, il assure une production \u00e9nerg\u00e9tique optimale.<\/p>\n<p data-start=\"3371\" data-end=\"3686\">\u2713 Plage de puissance 485\u2013515\u202fW avec seulement 1\u202f% de perte la 1\u00e8re ann\u00e9e<br data-start=\"3443\" data-end=\"3446\" \/>\u2713 Garantie produit 25 ans &amp; performance 30 ans<br data-start=\"3492\" data-end=\"3495\" \/>\u2713 Design bi-verre l\u00e9ger, r\u00e9sistant au feu et \u00e0 la corrosion<br data-start=\"3554\" data-end=\"3557\" \/>\u2713 Compatible avec les onduleurs, optimiseurs et structures standards<br data-start=\"3625\" data-end=\"3628\" \/>\u2713 Id\u00e9al pour les toitures C&amp;I gr\u00e2ce \u00e0 son format compact<\/p>\n","protected":false},"featured_media":33421,"comment_status":"closed","ping_status":"closed","template":"","meta":{"_acf_changed":false,"content-type":""},"product_cat":[2428],"product_tag":[],"class_list":{"0":"post-33432","1":"product","2":"type-product","3":"status-publish","4":"has-post-thumbnail","6":"product_brand-trina-solar-fr","7":"product_cat-panneaux-solaires","9":"first","10":"instock","11":"shipping-taxable","12":"product-type-simple"},"acf":[],"yoast_head":"<!-- This site is optimized with the Yoast SEO plugin v27.1 - https:\/\/yoast.com\/product\/yoast-seo-wordpress\/ -->\n<title>Trina Vertex S+ TSM-NEG18R.25 Full Black 490\u2013515W<\/title>\n<meta name=\"description\" content=\"Trina Vertex S+ TSM-NEG18R.25 Full Black 515W \u2013 panneau bifacial pour toitures C&amp;I. Dual-glass, cellules N-type, garantie 25 ans, haute performance.\" \/>\n<meta name=\"robots\" content=\"index, follow, max-snippet:-1, max-image-preview:large, max-video-preview:-1\" \/>\n<link rel=\"canonical\" href=\"https:\/\/www.pvo-int.com\/fr\/produit\/trina-vertex-s-plus-tsm-neg18r25-full-black-490-515w\/\" \/>\n<meta property=\"og:locale\" content=\"fr_FR\" \/>\n<meta property=\"og:type\" content=\"article\" \/>\n<meta property=\"og:title\" content=\"Trina Vertex S+ TSM-NEG18R.25 Full Black 490\u2013515W\" \/>\n<meta property=\"og:description\" content=\"Trina Vertex S+ TSM-NEG18R.25 Full Black 515W \u2013 panneau bifacial pour toitures C&amp;I. Dual-glass, cellules N-type, garantie 25 ans, haute performance.\" \/>\n<meta property=\"og:url\" content=\"https:\/\/www.pvo-int.com\/fr\/produit\/trina-vertex-s-plus-tsm-neg18r25-full-black-490-515w\/\" \/>\n<meta property=\"og:site_name\" content=\"PVO International\" \/>\n<meta property=\"article:modified_time\" content=\"2025-09-24T14:23:37+00:00\" \/>\n<meta property=\"og:image\" content=\"https:\/\/www.pvo-int.com\/wp-content\/uploads\/2025\/09\/NEG18R.25_Vertex-S-500W-Full-Black-1-1-scaled.png\" \/>\n\t<meta property=\"og:image:width\" content=\"2560\" \/>\n\t<meta property=\"og:image:height\" content=\"1805\" \/>\n\t<meta property=\"og:image:type\" content=\"image\/png\" \/>\n<meta name=\"twitter:card\" content=\"summary_large_image\" \/>\n<meta name=\"twitter:label1\" content=\"Dur\u00e9e de lecture estim\u00e9e\" \/>\n\t<meta name=\"twitter:data1\" content=\"1 minute\" \/>\n<script type=\"application\/ld+json\" class=\"yoast-schema-graph\">{\"@context\":\"https:\/\/schema.org\",\"@graph\":[{\"@type\":\"WebPage\",\"@id\":\"https:\/\/www.pvo-int.com\/fr\/produit\/trina-vertex-s-plus-tsm-neg18r25-full-black-490-515w\/\",\"url\":\"https:\/\/www.pvo-int.com\/fr\/produit\/trina-vertex-s-plus-tsm-neg18r25-full-black-490-515w\/\",\"name\":\"Trina Vertex S+ TSM-NEG18R.25 Full Black 490\u2013515W\",\"isPartOf\":{\"@id\":\"https:\/\/www.pvo-int.com\/fr\/#website\"},\"primaryImageOfPage\":{\"@id\":\"https:\/\/www.pvo-int.com\/fr\/produit\/trina-vertex-s-plus-tsm-neg18r25-full-black-490-515w\/#primaryimage\"},\"image\":{\"@id\":\"https:\/\/www.pvo-int.com\/fr\/produit\/trina-vertex-s-plus-tsm-neg18r25-full-black-490-515w\/#primaryimage\"},\"thumbnailUrl\":\"https:\/\/www.pvo-int.com\/wp-content\/uploads\/2025\/09\/NEG18R.25_Vertex-S-500W-Full-Black-1-1-scaled.png\",\"datePublished\":\"2025-09-24T14:19:46+00:00\",\"dateModified\":\"2025-09-24T14:23:37+00:00\",\"description\":\"Trina Vertex S+ TSM-NEG18R.25 Full Black 515W \u2013 panneau bifacial pour toitures C&I. Dual-glass, cellules N-type, garantie 25 ans, haute performance.\",\"breadcrumb\":{\"@id\":\"https:\/\/www.pvo-int.com\/fr\/produit\/trina-vertex-s-plus-tsm-neg18r25-full-black-490-515w\/#breadcrumb\"},\"inLanguage\":\"fr-FR\",\"potentialAction\":[{\"@type\":\"ReadAction\",\"target\":[\"https:\/\/www.pvo-int.com\/fr\/produit\/trina-vertex-s-plus-tsm-neg18r25-full-black-490-515w\/\"]}]},{\"@type\":\"ImageObject\",\"inLanguage\":\"fr-FR\",\"@id\":\"https:\/\/www.pvo-int.com\/fr\/produit\/trina-vertex-s-plus-tsm-neg18r25-full-black-490-515w\/#primaryimage\",\"url\":\"https:\/\/www.pvo-int.com\/wp-content\/uploads\/2025\/09\/NEG18R.25_Vertex-S-500W-Full-Black-1-1-scaled.png\",\"contentUrl\":\"https:\/\/www.pvo-int.com\/wp-content\/uploads\/2025\/09\/NEG18R.25_Vertex-S-500W-Full-Black-1-1-scaled.png\",\"width\":2560,\"height\":1805},{\"@type\":\"BreadcrumbList\",\"@id\":\"https:\/\/www.pvo-int.com\/fr\/produit\/trina-vertex-s-plus-tsm-neg18r25-full-black-490-515w\/#breadcrumb\",\"itemListElement\":[{\"@type\":\"ListItem\",\"position\":1,\"name\":\"Home\",\"item\":\"https:\/\/www.pvo-int.com\/fr\/\"},{\"@type\":\"ListItem\",\"position\":2,\"name\":\"Produits\",\"item\":\"https:\/\/www.pvo-int.com\/fr\/shop\/\"},{\"@type\":\"ListItem\",\"position\":3,\"name\":\"TRINA VERTEX S+ DUAL GLAS 485-515W\"}]},{\"@type\":\"WebSite\",\"@id\":\"https:\/\/www.pvo-int.com\/fr\/#website\",\"url\":\"https:\/\/www.pvo-int.com\/fr\/\",\"name\":\"PVO International\",\"description\":\"\",\"potentialAction\":[{\"@type\":\"SearchAction\",\"target\":{\"@type\":\"EntryPoint\",\"urlTemplate\":\"https:\/\/www.pvo-int.com\/fr\/?s={search_term_string}\"},\"query-input\":{\"@type\":\"PropertyValueSpecification\",\"valueRequired\":true,\"valueName\":\"search_term_string\"}}],\"inLanguage\":\"fr-FR\"}]}<\/script>\n<!-- \/ Yoast SEO plugin. -->","yoast_head_json":{"title":"Trina Vertex S+ TSM-NEG18R.25 Full Black 490\u2013515W","description":"Trina Vertex S+ TSM-NEG18R.25 Full Black 515W \u2013 panneau bifacial pour toitures C&I. Dual-glass, cellules N-type, garantie 25 ans, haute performance.","robots":{"index":"index","follow":"follow","max-snippet":"max-snippet:-1","max-image-preview":"max-image-preview:large","max-video-preview":"max-video-preview:-1"},"canonical":"https:\/\/www.pvo-int.com\/fr\/produit\/trina-vertex-s-plus-tsm-neg18r25-full-black-490-515w\/","og_locale":"fr_FR","og_type":"article","og_title":"Trina Vertex S+ TSM-NEG18R.25 Full Black 490\u2013515W","og_description":"Trina Vertex S+ TSM-NEG18R.25 Full Black 515W \u2013 panneau bifacial pour toitures C&I. Dual-glass, cellules N-type, garantie 25 ans, haute performance.","og_url":"https:\/\/www.pvo-int.com\/fr\/produit\/trina-vertex-s-plus-tsm-neg18r25-full-black-490-515w\/","og_site_name":"PVO International","article_modified_time":"2025-09-24T14:23:37+00:00","og_image":[{"width":2560,"height":1805,"url":"https:\/\/www.pvo-int.com\/wp-content\/uploads\/2025\/09\/NEG18R.25_Vertex-S-500W-Full-Black-1-1-scaled.png","type":"image\/png"}],"twitter_card":"summary_large_image","twitter_misc":{"Dur\u00e9e de lecture estim\u00e9e":"1 minute"},"schema":{"@context":"https:\/\/schema.org","@graph":[{"@type":"WebPage","@id":"https:\/\/www.pvo-int.com\/fr\/produit\/trina-vertex-s-plus-tsm-neg18r25-full-black-490-515w\/","url":"https:\/\/www.pvo-int.com\/fr\/produit\/trina-vertex-s-plus-tsm-neg18r25-full-black-490-515w\/","name":"Trina Vertex S+ TSM-NEG18R.25 Full Black 490\u2013515W","isPartOf":{"@id":"https:\/\/www.pvo-int.com\/fr\/#website"},"primaryImageOfPage":{"@id":"https:\/\/www.pvo-int.com\/fr\/produit\/trina-vertex-s-plus-tsm-neg18r25-full-black-490-515w\/#primaryimage"},"image":{"@id":"https:\/\/www.pvo-int.com\/fr\/produit\/trina-vertex-s-plus-tsm-neg18r25-full-black-490-515w\/#primaryimage"},"thumbnailUrl":"https:\/\/www.pvo-int.com\/wp-content\/uploads\/2025\/09\/NEG18R.25_Vertex-S-500W-Full-Black-1-1-scaled.png","datePublished":"2025-09-24T14:19:46+00:00","dateModified":"2025-09-24T14:23:37+00:00","description":"Trina Vertex S+ TSM-NEG18R.25 Full Black 515W \u2013 panneau bifacial pour toitures C&I. Dual-glass, cellules N-type, garantie 25 ans, haute performance.","breadcrumb":{"@id":"https:\/\/www.pvo-int.com\/fr\/produit\/trina-vertex-s-plus-tsm-neg18r25-full-black-490-515w\/#breadcrumb"},"inLanguage":"fr-FR","potentialAction":[{"@type":"ReadAction","target":["https:\/\/www.pvo-int.com\/fr\/produit\/trina-vertex-s-plus-tsm-neg18r25-full-black-490-515w\/"]}]},{"@type":"ImageObject","inLanguage":"fr-FR","@id":"https:\/\/www.pvo-int.com\/fr\/produit\/trina-vertex-s-plus-tsm-neg18r25-full-black-490-515w\/#primaryimage","url":"https:\/\/www.pvo-int.com\/wp-content\/uploads\/2025\/09\/NEG18R.25_Vertex-S-500W-Full-Black-1-1-scaled.png","contentUrl":"https:\/\/www.pvo-int.com\/wp-content\/uploads\/2025\/09\/NEG18R.25_Vertex-S-500W-Full-Black-1-1-scaled.png","width":2560,"height":1805},{"@type":"BreadcrumbList","@id":"https:\/\/www.pvo-int.com\/fr\/produit\/trina-vertex-s-plus-tsm-neg18r25-full-black-490-515w\/#breadcrumb","itemListElement":[{"@type":"ListItem","position":1,"name":"Home","item":"https:\/\/www.pvo-int.com\/fr\/"},{"@type":"ListItem","position":2,"name":"Produits","item":"https:\/\/www.pvo-int.com\/fr\/shop\/"},{"@type":"ListItem","position":3,"name":"TRINA VERTEX S+ DUAL GLAS 485-515W"}]},{"@type":"WebSite","@id":"https:\/\/www.pvo-int.com\/fr\/#website","url":"https:\/\/www.pvo-int.com\/fr\/","name":"PVO International","description":"","potentialAction":[{"@type":"SearchAction","target":{"@type":"EntryPoint","urlTemplate":"https:\/\/www.pvo-int.com\/fr\/?s={search_term_string}"},"query-input":{"@type":"PropertyValueSpecification","valueRequired":true,"valueName":"search_term_string"}}],"inLanguage":"fr-FR"}]}},"_links":{"self":[{"href":"https:\/\/www.pvo-int.com\/fr\/wp-json\/wp\/v2\/product\/33432","targetHints":{"allow":["GET"]}}],"collection":[{"href":"https:\/\/www.pvo-int.com\/fr\/wp-json\/wp\/v2\/product"}],"about":[{"href":"https:\/\/www.pvo-int.com\/fr\/wp-json\/wp\/v2\/types\/product"}],"replies":[{"embeddable":true,"href":"https:\/\/www.pvo-int.com\/fr\/wp-json\/wp\/v2\/comments?post=33432"}],"wp:featuredmedia":[{"embeddable":true,"href":"https:\/\/www.pvo-int.com\/fr\/wp-json\/wp\/v2\/media\/33421"}],"wp:attachment":[{"href":"https:\/\/www.pvo-int.com\/fr\/wp-json\/wp\/v2\/media?parent=33432"}],"wp:term":[{"taxonomy":"product_cat","embeddable":true,"href":"https:\/\/www.pvo-int.com\/fr\/wp-json\/wp\/v2\/product_cat?post=33432"},{"taxonomy":"product_tag","embeddable":true,"href":"https:\/\/www.pvo-int.com\/fr\/wp-json\/wp\/v2\/product_tag?post=33432"}],"curies":[{"name":"wp","href":"https:\/\/api.w.org\/{rel}","templated":true}]}}