{"id":28169,"date":"2024-04-17T10:47:01","date_gmt":"2024-06-10T10:55:53","guid":{"rendered":"https:\/\/www.pvo-int.com\/?post_type=product&#038;p=28169"},"modified":"2025-07-11T14:33:48","modified_gmt":"2025-07-11T14:33:48","slug":"n-type-bifacial-full-black-48-430-450w","status":"publish","type":"product","link":"https:\/\/www.pvo-int.com\/fr\/produit\/n-type-bifacial-full-black-48-430-450w\/","title":{"rendered":"TONGWEI TWMNH-48HC FULL BLACK MODULE 430-450Wp"},"content":{"rendered":"","protected":false},"excerpt":{"rendered":"<ul>\n<li><strong>Production d&rsquo;\u00e9nergie \u00e9lev\u00e9e, faible LCOE<\/strong>\n<ul>\n<li>Cellule \u00e0 haut rendement avec technologie d&rsquo;encapsulation avanc\u00e9e<\/li>\n<li>Rendement du module le plus \u00e9lev\u00e9 de l&rsquo;industrie<\/li>\n<li>Excellent coefficient de temp\u00e9rature de puissance -0,3 %\/<\/li>\n<\/ul>\n<\/li>\n<li><strong>Fiabilit\u00e9 \u00e9lev\u00e9e<\/strong>\n<ul>\n<li>Technologie de soudage sans perte de cellule + multi-busbar (MBB) \/ Super multi-busbar (SMBB)<\/li>\n<li>\u00c9vite efficacement le risque de microfissures<\/li>\n<li>Conception fiable du cadre<\/li>\n<li>R\u00e9pond aux exigences de charge de 5400Pa (\u00e0 l&rsquo;avant) et 2400Pa (\u00e0 l&rsquo;arri\u00e8re)<\/li>\n<li>S&rsquo;adapte facilement \u00e0 divers sc\u00e9narios d&rsquo;application<\/li>\n<\/ul>\n<\/li>\n<li><strong>Puissance maximale jusqu&rsquo;\u00e0 450 W<\/strong>\n<ul>\n<li>Puissance de sortie maximale du module jusqu&rsquo;\u00e0 450 W+.<\/li>\n<\/ul>\n<\/li>\n<li><strong>LID ultra-faible<\/strong>\n<ul>\n<li>D\u00e9gradation de 1 % la premi\u00e8re ann\u00e9e, d\u00e9gradation annuelle de 0,4 % entre la 2e et la 30e ann\u00e9e<\/li>\n<li>Fournit des revenus stables et \u00e0 long terme pour la production d&rsquo;\u00e9lectricit\u00e9 aux clients finaux.<\/li>\n<li>D\u00e9gradation plus faible gr\u00e2ce \u00e0 des cellules et des mat\u00e9riaux d&rsquo;encapsulation anti-PID<\/li>\n<\/ul>\n<\/li>\n<\/ul>\n","protected":false},"featured_media":29446,"comment_status":"closed","ping_status":"closed","template":"","meta":{"_acf_changed":false,"content-type":""},"product_cat":[2428],"product_tag":[],"class_list":{"0":"post-28169","1":"product","2":"type-product","3":"status-publish","4":"has-post-thumbnail","6":"product_brand-tongwei-solar-fr","7":"product_cat-panneaux-solaires","9":"first","10":"instock","11":"shipping-taxable","12":"product-type-simple"},"acf":[],"yoast_head":"<!-- This site is optimized with the Yoast SEO plugin v27.1 - https:\/\/yoast.com\/product\/yoast-seo-wordpress\/ -->\n<title>TONGWEI TWMNH-48HC FULL BLACK MODULE 430-450Wp - PVO International<\/title>\n<meta name=\"robots\" content=\"index, follow, max-snippet:-1, max-image-preview:large, max-video-preview:-1\" \/>\n<link rel=\"canonical\" href=\"https:\/\/www.pvo-int.com\/fr\/produit\/n-type-bifacial-full-black-48-430-450w\/\" \/>\n<meta property=\"og:locale\" content=\"fr_FR\" \/>\n<meta property=\"og:type\" content=\"article\" \/>\n<meta property=\"og:title\" content=\"TONGWEI TWMNH-48HC FULL BLACK MODULE 430-450Wp - PVO International\" \/>\n<meta property=\"og:description\" content=\"Production d&#039;\u00e9nergie \u00e9lev\u00e9e, faible LCOE   Cellule \u00e0 haut rendement avec technologie d&#039;encapsulation avanc\u00e9e  Rendement du module le plus \u00e9lev\u00e9 de l&#039;industrie  Excellent coefficient de temp\u00e9rature de puissance -0,3 %\/    Fiabilit\u00e9 \u00e9lev\u00e9e   Technologie de soudage sans perte de cellule + multi-busbar (MBB) \/ Super multi-busbar (SMBB)  \u00c9vite efficacement le risque de microfissures  Conception fiable du cadre  R\u00e9pond aux exigences de charge de 5400Pa (\u00e0 l&#039;avant) et 2400Pa (\u00e0 l&#039;arri\u00e8re)  S&#039;adapte facilement \u00e0 divers sc\u00e9narios d&#039;application    Puissance maximale jusqu&#039;\u00e0 450 W   Puissance de sortie maximale du module jusqu&#039;\u00e0 450 W+.    LID ultra-faible   D\u00e9gradation de 1 % la premi\u00e8re ann\u00e9e, d\u00e9gradation annuelle de 0,4 % entre la 2e et la 30e ann\u00e9e  Fournit des revenus stables et \u00e0 long terme pour la production d&#039;\u00e9lectricit\u00e9 aux clients finaux.  D\u00e9gradation plus faible gr\u00e2ce \u00e0 des cellules et des mat\u00e9riaux d&#039;encapsulation anti-PID\" \/>\n<meta property=\"og:url\" content=\"https:\/\/www.pvo-int.com\/fr\/produit\/n-type-bifacial-full-black-48-430-450w\/\" \/>\n<meta property=\"og:site_name\" content=\"PVO International\" \/>\n<meta property=\"article:modified_time\" content=\"2025-07-11T14:33:48+00:00\" \/>\n<meta property=\"og:image\" content=\"https:\/\/www.pvo-int.com\/wp-content\/uploads\/2024\/04\/resized_TWMNH-48HC_45_degree-512x1024.png\" \/>\n\t<meta property=\"og:image:width\" content=\"512\" \/>\n\t<meta property=\"og:image:height\" content=\"1024\" \/>\n\t<meta property=\"og:image:type\" content=\"image\/png\" \/>\n<meta name=\"twitter:card\" content=\"summary_large_image\" \/>\n<meta name=\"twitter:label1\" content=\"Dur\u00e9e de lecture estim\u00e9e\" \/>\n\t<meta name=\"twitter:data1\" content=\"1 minute\" \/>\n<script type=\"application\/ld+json\" class=\"yoast-schema-graph\">{\"@context\":\"https:\/\/schema.org\",\"@graph\":[{\"@type\":\"WebPage\",\"@id\":\"https:\/\/www.pvo-int.com\/fr\/produit\/n-type-bifacial-full-black-48-430-450w\/\",\"url\":\"https:\/\/www.pvo-int.com\/fr\/produit\/n-type-bifacial-full-black-48-430-450w\/\",\"name\":\"TONGWEI TWMNH-48HC FULL BLACK MODULE 430-450Wp - PVO International\",\"isPartOf\":{\"@id\":\"https:\/\/www.pvo-int.com\/fr\/#website\"},\"primaryImageOfPage\":{\"@id\":\"https:\/\/www.pvo-int.com\/fr\/produit\/n-type-bifacial-full-black-48-430-450w\/#primaryimage\"},\"image\":{\"@id\":\"https:\/\/www.pvo-int.com\/fr\/produit\/n-type-bifacial-full-black-48-430-450w\/#primaryimage\"},\"thumbnailUrl\":\"https:\/\/www.pvo-int.com\/wp-content\/uploads\/2024\/04\/resized_TWMNH-48HC_45_degree.png\",\"datePublished\":\"2024-06-10T10:55:53+00:00\",\"dateModified\":\"2025-07-11T14:33:48+00:00\",\"breadcrumb\":{\"@id\":\"https:\/\/www.pvo-int.com\/fr\/produit\/n-type-bifacial-full-black-48-430-450w\/#breadcrumb\"},\"inLanguage\":\"fr-FR\",\"potentialAction\":[{\"@type\":\"ReadAction\",\"target\":[\"https:\/\/www.pvo-int.com\/fr\/produit\/n-type-bifacial-full-black-48-430-450w\/\"]}]},{\"@type\":\"ImageObject\",\"inLanguage\":\"fr-FR\",\"@id\":\"https:\/\/www.pvo-int.com\/fr\/produit\/n-type-bifacial-full-black-48-430-450w\/#primaryimage\",\"url\":\"https:\/\/www.pvo-int.com\/wp-content\/uploads\/2024\/04\/resized_TWMNH-48HC_45_degree.png\",\"contentUrl\":\"https:\/\/www.pvo-int.com\/wp-content\/uploads\/2024\/04\/resized_TWMNH-48HC_45_degree.png\",\"width\":1280,\"height\":2560,\"caption\":\"TWMNH-48HC\"},{\"@type\":\"BreadcrumbList\",\"@id\":\"https:\/\/www.pvo-int.com\/fr\/produit\/n-type-bifacial-full-black-48-430-450w\/#breadcrumb\",\"itemListElement\":[{\"@type\":\"ListItem\",\"position\":1,\"name\":\"Home\",\"item\":\"https:\/\/www.pvo-int.com\/fr\/\"},{\"@type\":\"ListItem\",\"position\":2,\"name\":\"Produits\",\"item\":\"https:\/\/www.pvo-int.com\/fr\/shop\/\"},{\"@type\":\"ListItem\",\"position\":3,\"name\":\"TONGWEI TWMNH-48HC FULL BLACK MODULE 430-450Wp\"}]},{\"@type\":\"WebSite\",\"@id\":\"https:\/\/www.pvo-int.com\/fr\/#website\",\"url\":\"https:\/\/www.pvo-int.com\/fr\/\",\"name\":\"PVO International\",\"description\":\"\",\"potentialAction\":[{\"@type\":\"SearchAction\",\"target\":{\"@type\":\"EntryPoint\",\"urlTemplate\":\"https:\/\/www.pvo-int.com\/fr\/?s={search_term_string}\"},\"query-input\":{\"@type\":\"PropertyValueSpecification\",\"valueRequired\":true,\"valueName\":\"search_term_string\"}}],\"inLanguage\":\"fr-FR\"}]}<\/script>\n<!-- \/ Yoast SEO plugin. -->","yoast_head_json":{"title":"TONGWEI TWMNH-48HC FULL BLACK MODULE 430-450Wp - PVO International","robots":{"index":"index","follow":"follow","max-snippet":"max-snippet:-1","max-image-preview":"max-image-preview:large","max-video-preview":"max-video-preview:-1"},"canonical":"https:\/\/www.pvo-int.com\/fr\/produit\/n-type-bifacial-full-black-48-430-450w\/","og_locale":"fr_FR","og_type":"article","og_title":"TONGWEI TWMNH-48HC FULL BLACK MODULE 430-450Wp - PVO International","og_description":"Production d'\u00e9nergie \u00e9lev\u00e9e, faible LCOE   Cellule \u00e0 haut rendement avec technologie d'encapsulation avanc\u00e9e  Rendement du module le plus \u00e9lev\u00e9 de l'industrie  Excellent coefficient de temp\u00e9rature de puissance -0,3 %\/    Fiabilit\u00e9 \u00e9lev\u00e9e   Technologie de soudage sans perte de cellule + multi-busbar (MBB) \/ Super multi-busbar (SMBB)  \u00c9vite efficacement le risque de microfissures  Conception fiable du cadre  R\u00e9pond aux exigences de charge de 5400Pa (\u00e0 l'avant) et 2400Pa (\u00e0 l'arri\u00e8re)  S'adapte facilement \u00e0 divers sc\u00e9narios d'application    Puissance maximale jusqu'\u00e0 450 W   Puissance de sortie maximale du module jusqu'\u00e0 450 W+.    LID ultra-faible   D\u00e9gradation de 1 % la premi\u00e8re ann\u00e9e, d\u00e9gradation annuelle de 0,4 % entre la 2e et la 30e ann\u00e9e  Fournit des revenus stables et \u00e0 long terme pour la production d'\u00e9lectricit\u00e9 aux clients finaux.  D\u00e9gradation plus faible gr\u00e2ce \u00e0 des cellules et des mat\u00e9riaux d'encapsulation anti-PID","og_url":"https:\/\/www.pvo-int.com\/fr\/produit\/n-type-bifacial-full-black-48-430-450w\/","og_site_name":"PVO International","article_modified_time":"2025-07-11T14:33:48+00:00","og_image":[{"width":512,"height":1024,"url":"https:\/\/www.pvo-int.com\/wp-content\/uploads\/2024\/04\/resized_TWMNH-48HC_45_degree-512x1024.png","type":"image\/png"}],"twitter_card":"summary_large_image","twitter_misc":{"Dur\u00e9e de lecture estim\u00e9e":"1 minute"},"schema":{"@context":"https:\/\/schema.org","@graph":[{"@type":"WebPage","@id":"https:\/\/www.pvo-int.com\/fr\/produit\/n-type-bifacial-full-black-48-430-450w\/","url":"https:\/\/www.pvo-int.com\/fr\/produit\/n-type-bifacial-full-black-48-430-450w\/","name":"TONGWEI TWMNH-48HC FULL BLACK MODULE 430-450Wp - PVO International","isPartOf":{"@id":"https:\/\/www.pvo-int.com\/fr\/#website"},"primaryImageOfPage":{"@id":"https:\/\/www.pvo-int.com\/fr\/produit\/n-type-bifacial-full-black-48-430-450w\/#primaryimage"},"image":{"@id":"https:\/\/www.pvo-int.com\/fr\/produit\/n-type-bifacial-full-black-48-430-450w\/#primaryimage"},"thumbnailUrl":"https:\/\/www.pvo-int.com\/wp-content\/uploads\/2024\/04\/resized_TWMNH-48HC_45_degree.png","datePublished":"2024-06-10T10:55:53+00:00","dateModified":"2025-07-11T14:33:48+00:00","breadcrumb":{"@id":"https:\/\/www.pvo-int.com\/fr\/produit\/n-type-bifacial-full-black-48-430-450w\/#breadcrumb"},"inLanguage":"fr-FR","potentialAction":[{"@type":"ReadAction","target":["https:\/\/www.pvo-int.com\/fr\/produit\/n-type-bifacial-full-black-48-430-450w\/"]}]},{"@type":"ImageObject","inLanguage":"fr-FR","@id":"https:\/\/www.pvo-int.com\/fr\/produit\/n-type-bifacial-full-black-48-430-450w\/#primaryimage","url":"https:\/\/www.pvo-int.com\/wp-content\/uploads\/2024\/04\/resized_TWMNH-48HC_45_degree.png","contentUrl":"https:\/\/www.pvo-int.com\/wp-content\/uploads\/2024\/04\/resized_TWMNH-48HC_45_degree.png","width":1280,"height":2560,"caption":"TWMNH-48HC"},{"@type":"BreadcrumbList","@id":"https:\/\/www.pvo-int.com\/fr\/produit\/n-type-bifacial-full-black-48-430-450w\/#breadcrumb","itemListElement":[{"@type":"ListItem","position":1,"name":"Home","item":"https:\/\/www.pvo-int.com\/fr\/"},{"@type":"ListItem","position":2,"name":"Produits","item":"https:\/\/www.pvo-int.com\/fr\/shop\/"},{"@type":"ListItem","position":3,"name":"TONGWEI TWMNH-48HC FULL BLACK MODULE 430-450Wp"}]},{"@type":"WebSite","@id":"https:\/\/www.pvo-int.com\/fr\/#website","url":"https:\/\/www.pvo-int.com\/fr\/","name":"PVO International","description":"","potentialAction":[{"@type":"SearchAction","target":{"@type":"EntryPoint","urlTemplate":"https:\/\/www.pvo-int.com\/fr\/?s={search_term_string}"},"query-input":{"@type":"PropertyValueSpecification","valueRequired":true,"valueName":"search_term_string"}}],"inLanguage":"fr-FR"}]}},"_links":{"self":[{"href":"https:\/\/www.pvo-int.com\/fr\/wp-json\/wp\/v2\/product\/28169","targetHints":{"allow":["GET"]}}],"collection":[{"href":"https:\/\/www.pvo-int.com\/fr\/wp-json\/wp\/v2\/product"}],"about":[{"href":"https:\/\/www.pvo-int.com\/fr\/wp-json\/wp\/v2\/types\/product"}],"replies":[{"embeddable":true,"href":"https:\/\/www.pvo-int.com\/fr\/wp-json\/wp\/v2\/comments?post=28169"}],"wp:featuredmedia":[{"embeddable":true,"href":"https:\/\/www.pvo-int.com\/fr\/wp-json\/wp\/v2\/media\/29446"}],"wp:attachment":[{"href":"https:\/\/www.pvo-int.com\/fr\/wp-json\/wp\/v2\/media?parent=28169"}],"wp:term":[{"taxonomy":"product_cat","embeddable":true,"href":"https:\/\/www.pvo-int.com\/fr\/wp-json\/wp\/v2\/product_cat?post=28169"},{"taxonomy":"product_tag","embeddable":true,"href":"https:\/\/www.pvo-int.com\/fr\/wp-json\/wp\/v2\/product_tag?post=28169"}],"curies":[{"name":"wp","href":"https:\/\/api.w.org\/{rel}","templated":true}]}}