{"id":26049,"date":"2019-01-22T10:44:02","date_gmt":"2019-01-22T10:44:02","guid":{"rendered":"https:\/\/www.pvo-int.com\/over-ons\/ons-team\/"},"modified":"2025-04-01T11:10:48","modified_gmt":"2025-04-01T11:10:48","slug":"notre-equipe","status":"publish","type":"page","link":"https:\/\/www.pvo-int.com\/fr\/a-propos-de-nous\/notre-equipe\/","title":{"rendered":"Notre \u00e9quipe"},"content":{"rendered":"","protected":false},"excerpt":{"rendered":"","protected":false},"author":1,"featured_media":0,"parent":25951,"menu_order":251,"comment_status":"closed","ping_status":"closed","template":"page-team.php","meta":{"_acf_changed":false,"content-type":"","footnotes":""},"class_list":["post-26049","page","type-page","status-publish","hentry"],"acf":[],"yoast_head":"<!-- This site is optimized with the Yoast SEO plugin v27.1 - https:\/\/yoast.com\/product\/yoast-seo-wordpress\/ -->\n<title>Notre \u00e9quipe - PVO International<\/title>\n<meta name=\"description\" content=\"Notre \u00e9quipe. Rencontrez l&#039;\u00e9quipe de PVO International. D\u00e9couvrez les visages qui se cachent derri\u00e8re l&#039;entreprise et contactez-les facilement.\" \/>\n<meta name=\"robots\" content=\"index, follow, max-snippet:-1, max-image-preview:large, max-video-preview:-1\" \/>\n<link rel=\"canonical\" href=\"https:\/\/www.pvo-int.com\/fr\/a-propos-de-nous\/notre-equipe\/\" \/>\n<meta property=\"og:locale\" content=\"fr_FR\" \/>\n<meta property=\"og:type\" content=\"article\" \/>\n<meta property=\"og:title\" content=\"Notre \u00e9quipe - PVO International\" \/>\n<meta property=\"og:description\" content=\"Notre \u00e9quipe. Rencontrez l&#039;\u00e9quipe de PVO International. D\u00e9couvrez les visages qui se cachent derri\u00e8re l&#039;entreprise et contactez-les facilement.\" \/>\n<meta property=\"og:url\" content=\"https:\/\/www.pvo-int.com\/fr\/a-propos-de-nous\/notre-equipe\/\" \/>\n<meta property=\"og:site_name\" content=\"PVO International\" \/>\n<meta property=\"article:modified_time\" content=\"2025-04-01T11:10:48+00:00\" \/>\n<meta name=\"twitter:card\" content=\"summary_large_image\" \/>\n<script type=\"application\/ld+json\" class=\"yoast-schema-graph\">{\"@context\":\"https:\/\/schema.org\",\"@graph\":[{\"@type\":\"WebPage\",\"@id\":\"https:\/\/www.pvo-int.com\/fr\/a-propos-de-nous\/notre-equipe\/\",\"url\":\"https:\/\/www.pvo-int.com\/fr\/a-propos-de-nous\/notre-equipe\/\",\"name\":\"Notre \u00e9quipe - PVO International\",\"isPartOf\":{\"@id\":\"https:\/\/www.pvo-int.com\/fr\/#website\"},\"datePublished\":\"2019-01-22T10:44:02+00:00\",\"dateModified\":\"2025-04-01T11:10:48+00:00\",\"description\":\"Notre \u00e9quipe. Rencontrez l'\u00e9quipe de PVO International. D\u00e9couvrez les visages qui se cachent derri\u00e8re l'entreprise et contactez-les facilement.\",\"breadcrumb\":{\"@id\":\"https:\/\/www.pvo-int.com\/fr\/a-propos-de-nous\/notre-equipe\/#breadcrumb\"},\"inLanguage\":\"fr-FR\",\"potentialAction\":[{\"@type\":\"ReadAction\",\"target\":[\"https:\/\/www.pvo-int.com\/fr\/a-propos-de-nous\/notre-equipe\/\"]}]},{\"@type\":\"BreadcrumbList\",\"@id\":\"https:\/\/www.pvo-int.com\/fr\/a-propos-de-nous\/notre-equipe\/#breadcrumb\",\"itemListElement\":[{\"@type\":\"ListItem\",\"position\":1,\"name\":\"Home\",\"item\":\"https:\/\/www.pvo-int.com\/fr\/\"},{\"@type\":\"ListItem\",\"position\":2,\"name\":\"\u00c0 propos de nous\",\"item\":\"https:\/\/www.pvo-int.com\/fr\/a-propos-de-nous\/\"},{\"@type\":\"ListItem\",\"position\":3,\"name\":\"Notre \u00e9quipe\"}]},{\"@type\":\"WebSite\",\"@id\":\"https:\/\/www.pvo-int.com\/fr\/#website\",\"url\":\"https:\/\/www.pvo-int.com\/fr\/\",\"name\":\"PVO International\",\"description\":\"\",\"potentialAction\":[{\"@type\":\"SearchAction\",\"target\":{\"@type\":\"EntryPoint\",\"urlTemplate\":\"https:\/\/www.pvo-int.com\/fr\/?s={search_term_string}\"},\"query-input\":{\"@type\":\"PropertyValueSpecification\",\"valueRequired\":true,\"valueName\":\"search_term_string\"}}],\"inLanguage\":\"fr-FR\"}]}<\/script>\n<!-- \/ Yoast SEO plugin. -->","yoast_head_json":{"title":"Notre \u00e9quipe - PVO International","description":"Notre \u00e9quipe. Rencontrez l'\u00e9quipe de PVO International. D\u00e9couvrez les visages qui se cachent derri\u00e8re l'entreprise et contactez-les facilement.","robots":{"index":"index","follow":"follow","max-snippet":"max-snippet:-1","max-image-preview":"max-image-preview:large","max-video-preview":"max-video-preview:-1"},"canonical":"https:\/\/www.pvo-int.com\/fr\/a-propos-de-nous\/notre-equipe\/","og_locale":"fr_FR","og_type":"article","og_title":"Notre \u00e9quipe - PVO International","og_description":"Notre \u00e9quipe. Rencontrez l'\u00e9quipe de PVO International. D\u00e9couvrez les visages qui se cachent derri\u00e8re l'entreprise et contactez-les facilement.","og_url":"https:\/\/www.pvo-int.com\/fr\/a-propos-de-nous\/notre-equipe\/","og_site_name":"PVO International","article_modified_time":"2025-04-01T11:10:48+00:00","twitter_card":"summary_large_image","schema":{"@context":"https:\/\/schema.org","@graph":[{"@type":"WebPage","@id":"https:\/\/www.pvo-int.com\/fr\/a-propos-de-nous\/notre-equipe\/","url":"https:\/\/www.pvo-int.com\/fr\/a-propos-de-nous\/notre-equipe\/","name":"Notre \u00e9quipe - PVO International","isPartOf":{"@id":"https:\/\/www.pvo-int.com\/fr\/#website"},"datePublished":"2019-01-22T10:44:02+00:00","dateModified":"2025-04-01T11:10:48+00:00","description":"Notre \u00e9quipe. Rencontrez l'\u00e9quipe de PVO International. D\u00e9couvrez les visages qui se cachent derri\u00e8re l'entreprise et contactez-les facilement.","breadcrumb":{"@id":"https:\/\/www.pvo-int.com\/fr\/a-propos-de-nous\/notre-equipe\/#breadcrumb"},"inLanguage":"fr-FR","potentialAction":[{"@type":"ReadAction","target":["https:\/\/www.pvo-int.com\/fr\/a-propos-de-nous\/notre-equipe\/"]}]},{"@type":"BreadcrumbList","@id":"https:\/\/www.pvo-int.com\/fr\/a-propos-de-nous\/notre-equipe\/#breadcrumb","itemListElement":[{"@type":"ListItem","position":1,"name":"Home","item":"https:\/\/www.pvo-int.com\/fr\/"},{"@type":"ListItem","position":2,"name":"\u00c0 propos de nous","item":"https:\/\/www.pvo-int.com\/fr\/a-propos-de-nous\/"},{"@type":"ListItem","position":3,"name":"Notre \u00e9quipe"}]},{"@type":"WebSite","@id":"https:\/\/www.pvo-int.com\/fr\/#website","url":"https:\/\/www.pvo-int.com\/fr\/","name":"PVO International","description":"","potentialAction":[{"@type":"SearchAction","target":{"@type":"EntryPoint","urlTemplate":"https:\/\/www.pvo-int.com\/fr\/?s={search_term_string}"},"query-input":{"@type":"PropertyValueSpecification","valueRequired":true,"valueName":"search_term_string"}}],"inLanguage":"fr-FR"}]}},"_links":{"self":[{"href":"https:\/\/www.pvo-int.com\/fr\/wp-json\/wp\/v2\/pages\/26049","targetHints":{"allow":["GET"]}}],"collection":[{"href":"https:\/\/www.pvo-int.com\/fr\/wp-json\/wp\/v2\/pages"}],"about":[{"href":"https:\/\/www.pvo-int.com\/fr\/wp-json\/wp\/v2\/types\/page"}],"author":[{"embeddable":true,"href":"https:\/\/www.pvo-int.com\/fr\/wp-json\/wp\/v2\/users\/1"}],"replies":[{"embeddable":true,"href":"https:\/\/www.pvo-int.com\/fr\/wp-json\/wp\/v2\/comments?post=26049"}],"version-history":[{"count":2,"href":"https:\/\/www.pvo-int.com\/fr\/wp-json\/wp\/v2\/pages\/26049\/revisions"}],"predecessor-version":[{"id":31306,"href":"https:\/\/www.pvo-int.com\/fr\/wp-json\/wp\/v2\/pages\/26049\/revisions\/31306"}],"up":[{"embeddable":true,"href":"https:\/\/www.pvo-int.com\/fr\/wp-json\/wp\/v2\/pages\/25951"}],"wp:attachment":[{"href":"https:\/\/www.pvo-int.com\/fr\/wp-json\/wp\/v2\/media?parent=26049"}],"curies":[{"name":"wp","href":"https:\/\/api.w.org\/{rel}","templated":true}]}}