{"id":14212,"date":"2021-03-10T10:04:15","date_gmt":"2021-03-10T10:04:15","guid":{"rendered":"https:\/\/www.pvo-int.com\/?page_id=14212"},"modified":"2021-09-23T07:50:54","modified_gmt":"2021-09-23T07:50:54","slug":"systemy-dla-paneli-o-dowolnej-wielkosci","status":"publish","type":"page","link":"https:\/\/www.pvo-int.com\/en\/systemy-dla-paneli-o-dowolnej-wielkosci\/","title":{"rendered":"Systemy dla paneli o dowolnej wielko\u015bci"},"content":{"rendered":"","protected":false},"excerpt":{"rendered":"","protected":false},"author":9,"featured_media":0,"parent":0,"menu_order":0,"comment_status":"closed","ping_status":"closed","template":"page-landingspagina.php","meta":{"_acf_changed":false,"content-type":"","footnotes":""},"class_list":["post-14212","page","type-page","status-publish","hentry"],"acf":[],"yoast_head":"<!-- This site is optimized with the Yoast SEO plugin v27.1 - https:\/\/yoast.com\/product\/yoast-seo-wordpress\/ -->\n<title>Systemy dla paneli o dowolnej wielko\u015bci - PVO International<\/title>\n<meta name=\"description\" content=\"Panele fotowoltaiczne s\u0105 coraz wi\u0119ksze. Na szcz\u0119\u015bcie nasze systemy monta\u017cowe na dachy spadziste i p\u0142askie s\u0105 do tego przystosowane, poniewa\u017c opracowali\u015bmy je w spos\u00f3b modu\u0142owy.\" \/>\n<meta name=\"robots\" content=\"index, follow, max-snippet:-1, max-image-preview:large, max-video-preview:-1\" \/>\n<link rel=\"canonical\" href=\"https:\/\/www.pvo-int.com\/en\/systemy-dla-paneli-o-dowolnej-wielkosci\/\" \/>\n<meta property=\"og:locale\" content=\"en_US\" \/>\n<meta property=\"og:type\" content=\"article\" \/>\n<meta property=\"og:title\" content=\"Systemy dla paneli o dowolnej wielko\u015bci - PVO International\" \/>\n<meta property=\"og:description\" content=\"Panele fotowoltaiczne s\u0105 coraz wi\u0119ksze. Na szcz\u0119\u015bcie nasze systemy monta\u017cowe na dachy spadziste i p\u0142askie s\u0105 do tego przystosowane, poniewa\u017c opracowali\u015bmy je w spos\u00f3b modu\u0142owy.\" \/>\n<meta property=\"og:url\" content=\"https:\/\/www.pvo-int.com\/en\/systemy-dla-paneli-o-dowolnej-wielkosci\/\" \/>\n<meta property=\"og:site_name\" content=\"PVO International\" \/>\n<meta property=\"article:modified_time\" content=\"2021-09-23T07:50:54+00:00\" \/>\n<meta name=\"twitter:card\" content=\"summary_large_image\" \/>\n<script type=\"application\/ld+json\" class=\"yoast-schema-graph\">{\"@context\":\"https:\/\/schema.org\",\"@graph\":[{\"@type\":\"WebPage\",\"@id\":\"https:\/\/www.pvo-int.com\/en\/systemy-dla-paneli-o-dowolnej-wielkosci\/\",\"url\":\"https:\/\/www.pvo-int.com\/en\/systemy-dla-paneli-o-dowolnej-wielkosci\/\",\"name\":\"Systemy dla paneli o dowolnej wielko\u015bci - PVO International\",\"isPartOf\":{\"@id\":\"https:\/\/www.pvo-int.com\/en\/#website\"},\"datePublished\":\"2021-03-10T10:04:15+00:00\",\"dateModified\":\"2021-09-23T07:50:54+00:00\",\"description\":\"Panele fotowoltaiczne s\u0105 coraz wi\u0119ksze. Na szcz\u0119\u015bcie nasze systemy monta\u017cowe na dachy spadziste i p\u0142askie s\u0105 do tego przystosowane, poniewa\u017c opracowali\u015bmy je w spos\u00f3b modu\u0142owy.\",\"breadcrumb\":{\"@id\":\"https:\/\/www.pvo-int.com\/en\/systemy-dla-paneli-o-dowolnej-wielkosci\/#breadcrumb\"},\"inLanguage\":\"en-US\",\"potentialAction\":[{\"@type\":\"ReadAction\",\"target\":[\"https:\/\/www.pvo-int.com\/en\/systemy-dla-paneli-o-dowolnej-wielkosci\/\"]}]},{\"@type\":\"BreadcrumbList\",\"@id\":\"https:\/\/www.pvo-int.com\/en\/systemy-dla-paneli-o-dowolnej-wielkosci\/#breadcrumb\",\"itemListElement\":[{\"@type\":\"ListItem\",\"position\":1,\"name\":\"Home\",\"item\":\"https:\/\/www.pvo-int.com\/en\/\"},{\"@type\":\"ListItem\",\"position\":2,\"name\":\"Systemy dla paneli o dowolnej wielko\u015bci\"}]},{\"@type\":\"WebSite\",\"@id\":\"https:\/\/www.pvo-int.com\/en\/#website\",\"url\":\"https:\/\/www.pvo-int.com\/en\/\",\"name\":\"PVO International\",\"description\":\"\",\"potentialAction\":[{\"@type\":\"SearchAction\",\"target\":{\"@type\":\"EntryPoint\",\"urlTemplate\":\"https:\/\/www.pvo-int.com\/en\/?s={search_term_string}\"},\"query-input\":{\"@type\":\"PropertyValueSpecification\",\"valueRequired\":true,\"valueName\":\"search_term_string\"}}],\"inLanguage\":\"en-US\"}]}<\/script>\n<!-- \/ Yoast SEO plugin. -->","yoast_head_json":{"title":"Systemy dla paneli o dowolnej wielko\u015bci - PVO International","description":"Panele fotowoltaiczne s\u0105 coraz wi\u0119ksze. Na szcz\u0119\u015bcie nasze systemy monta\u017cowe na dachy spadziste i p\u0142askie s\u0105 do tego przystosowane, poniewa\u017c opracowali\u015bmy je w spos\u00f3b modu\u0142owy.","robots":{"index":"index","follow":"follow","max-snippet":"max-snippet:-1","max-image-preview":"max-image-preview:large","max-video-preview":"max-video-preview:-1"},"canonical":"https:\/\/www.pvo-int.com\/en\/systemy-dla-paneli-o-dowolnej-wielkosci\/","og_locale":"en_US","og_type":"article","og_title":"Systemy dla paneli o dowolnej wielko\u015bci - PVO International","og_description":"Panele fotowoltaiczne s\u0105 coraz wi\u0119ksze. Na szcz\u0119\u015bcie nasze systemy monta\u017cowe na dachy spadziste i p\u0142askie s\u0105 do tego przystosowane, poniewa\u017c opracowali\u015bmy je w spos\u00f3b modu\u0142owy.","og_url":"https:\/\/www.pvo-int.com\/en\/systemy-dla-paneli-o-dowolnej-wielkosci\/","og_site_name":"PVO International","article_modified_time":"2021-09-23T07:50:54+00:00","twitter_card":"summary_large_image","schema":{"@context":"https:\/\/schema.org","@graph":[{"@type":"WebPage","@id":"https:\/\/www.pvo-int.com\/en\/systemy-dla-paneli-o-dowolnej-wielkosci\/","url":"https:\/\/www.pvo-int.com\/en\/systemy-dla-paneli-o-dowolnej-wielkosci\/","name":"Systemy dla paneli o dowolnej wielko\u015bci - PVO International","isPartOf":{"@id":"https:\/\/www.pvo-int.com\/en\/#website"},"datePublished":"2021-03-10T10:04:15+00:00","dateModified":"2021-09-23T07:50:54+00:00","description":"Panele fotowoltaiczne s\u0105 coraz wi\u0119ksze. Na szcz\u0119\u015bcie nasze systemy monta\u017cowe na dachy spadziste i p\u0142askie s\u0105 do tego przystosowane, poniewa\u017c opracowali\u015bmy je w spos\u00f3b modu\u0142owy.","breadcrumb":{"@id":"https:\/\/www.pvo-int.com\/en\/systemy-dla-paneli-o-dowolnej-wielkosci\/#breadcrumb"},"inLanguage":"en-US","potentialAction":[{"@type":"ReadAction","target":["https:\/\/www.pvo-int.com\/en\/systemy-dla-paneli-o-dowolnej-wielkosci\/"]}]},{"@type":"BreadcrumbList","@id":"https:\/\/www.pvo-int.com\/en\/systemy-dla-paneli-o-dowolnej-wielkosci\/#breadcrumb","itemListElement":[{"@type":"ListItem","position":1,"name":"Home","item":"https:\/\/www.pvo-int.com\/en\/"},{"@type":"ListItem","position":2,"name":"Systemy dla paneli o dowolnej wielko\u015bci"}]},{"@type":"WebSite","@id":"https:\/\/www.pvo-int.com\/en\/#website","url":"https:\/\/www.pvo-int.com\/en\/","name":"PVO International","description":"","potentialAction":[{"@type":"SearchAction","target":{"@type":"EntryPoint","urlTemplate":"https:\/\/www.pvo-int.com\/en\/?s={search_term_string}"},"query-input":{"@type":"PropertyValueSpecification","valueRequired":true,"valueName":"search_term_string"}}],"inLanguage":"en-US"}]}},"_links":{"self":[{"href":"https:\/\/www.pvo-int.com\/en\/wp-json\/wp\/v2\/pages\/14212","targetHints":{"allow":["GET"]}}],"collection":[{"href":"https:\/\/www.pvo-int.com\/en\/wp-json\/wp\/v2\/pages"}],"about":[{"href":"https:\/\/www.pvo-int.com\/en\/wp-json\/wp\/v2\/types\/page"}],"author":[{"embeddable":true,"href":"https:\/\/www.pvo-int.com\/en\/wp-json\/wp\/v2\/users\/9"}],"replies":[{"embeddable":true,"href":"https:\/\/www.pvo-int.com\/en\/wp-json\/wp\/v2\/comments?post=14212"}],"version-history":[{"count":15,"href":"https:\/\/www.pvo-int.com\/en\/wp-json\/wp\/v2\/pages\/14212\/revisions"}],"predecessor-version":[{"id":15450,"href":"https:\/\/www.pvo-int.com\/en\/wp-json\/wp\/v2\/pages\/14212\/revisions\/15450"}],"wp:attachment":[{"href":"https:\/\/www.pvo-int.com\/en\/wp-json\/wp\/v2\/media?parent=14212"}],"curies":[{"name":"wp","href":"https:\/\/api.w.org\/{rel}","templated":true}]}}