{"id":34125,"date":"2025-11-14T09:26:48","date_gmt":"2025-11-14T09:26:48","guid":{"rendered":"https:\/\/www.pvo-int.com\/?post_type=product&#038;p=34125"},"modified":"2025-11-14T09:32:33","modified_gmt":"2025-11-14T09:32:33","slug":"pv-inverter-shelter-slim","status":"publish","type":"product","link":"https:\/\/www.pvo-int.com\/de\/product\/pv-inverter-shelter-slim\/","title":{"rendered":"ValkCableCare PV Inverter Shelter Slim"},"content":{"rendered":"","protected":false},"excerpt":{"rendered":"<p data-start=\"1900\" data-end=\"2245\">Die PV Inverter Shelter Slim ist eine modulare und erweiterbare Wechselrichterabdeckung f\u00fcr gewerbliche PV-Anlagen. Dank ihres kompakten Designs und der geringen Windlast eignet sie sich perfekt f\u00fcr D\u00e4cher mit begrenztem Platzangebot. Die Konstruktion erm\u00f6glicht eine schnelle Installation und bietet einfachen Zugang zur Inspektion und Wartung.<\/p>\n<ul data-start=\"2268\" data-end=\"2608\">\n<li data-start=\"2268\" data-end=\"2301\">\n<p data-start=\"2270\" data-end=\"2301\"><strong data-start=\"2270\" data-end=\"2277\">Typ<\/strong>: Freistehend, einseitig<\/p>\n<\/li>\n<li data-start=\"2302\" data-end=\"2344\">\n<p data-start=\"2304\" data-end=\"2344\"><strong data-start=\"2304\" data-end=\"2320\">Ma\u00dfe (L\u00d7B\u00d7H)<\/strong>: 1583 \u00d7 1550 \u00d7 973 mm<\/p>\n<\/li>\n<li data-start=\"2345\" data-end=\"2367\">\n<p data-start=\"2347\" data-end=\"2367\"><strong data-start=\"2347\" data-end=\"2358\">Gewicht<\/strong>: 12,5 kg<\/p>\n<\/li>\n<li data-start=\"2368\" data-end=\"2391\">\n<p data-start=\"2370\" data-end=\"2391\"><strong data-start=\"2370\" data-end=\"2383\">Max. Last<\/strong>: 150 kg<\/p>\n<\/li>\n<li data-start=\"2392\" data-end=\"2438\">\n<p data-start=\"2394\" data-end=\"2438\"><strong data-start=\"2394\" data-end=\"2406\">Material<\/strong>: Aluminium und verzinkter Stahl<\/p>\n<\/li>\n<li data-start=\"2439\" data-end=\"2507\">\n<p data-start=\"2441\" data-end=\"2507\"><strong data-start=\"2441\" data-end=\"2452\">Montage<\/strong>: Ballastiert oder verschraubt (Ballasttr\u00e4ger optional)<\/p>\n<\/li>\n<li data-start=\"2508\" data-end=\"2563\">\n<p data-start=\"2510\" data-end=\"2563\"><strong data-start=\"2510\" data-end=\"2531\">Installationszeit<\/strong>: &lt;10 Minuten mit einem Werkzeug<\/p>\n<\/li>\n<li data-start=\"2564\" data-end=\"2608\">\n<p data-start=\"2566\" data-end=\"2608\"><strong data-start=\"2566\" data-end=\"2584\">Einsatzbereich<\/strong>: Gewerbliche PV-Systeme<\/p>\n<\/li>\n<\/ul>\n","protected":false},"featured_media":34123,"comment_status":"closed","ping_status":"closed","template":"","meta":{"_acf_changed":false,"content-type":""},"product_cat":[2128],"product_tag":[],"class_list":{"0":"post-34125","1":"product","2":"type-product","3":"status-publish","4":"has-post-thumbnail","6":"product_brand-van-der-valk-solar-systems-de","7":"product_cat-montagesysteme-de","9":"first","10":"instock","11":"shipping-taxable","12":"product-type-simple"},"acf":[],"yoast_head":"<!-- This site is optimized with the Yoast SEO plugin v27.1 - https:\/\/yoast.com\/product\/yoast-seo-wordpress\/ -->\n<title>PV Inverter Shelter Slim \u2013 Kompakte modulare Wechselrichter<\/title>\n<meta name=\"description\" content=\"Modulare Wechselrichter-Shelter f\u00fcr PV-Anlagen. Leicht, schnell installiert, mit geringer Windlast. Erweiterbar. EU-Herstellung.\" \/>\n<meta name=\"robots\" content=\"index, follow, max-snippet:-1, max-image-preview:large, max-video-preview:-1\" \/>\n<link rel=\"canonical\" href=\"https:\/\/www.pvo-int.com\/de\/product\/pv-inverter-shelter-slim\/\" \/>\n<meta property=\"og:locale\" content=\"de_DE\" \/>\n<meta property=\"og:type\" content=\"article\" \/>\n<meta property=\"og:title\" content=\"PV Inverter Shelter Slim \u2013 Kompakte modulare Wechselrichter\" \/>\n<meta property=\"og:description\" content=\"Modulare Wechselrichter-Shelter f\u00fcr PV-Anlagen. Leicht, schnell installiert, mit geringer Windlast. Erweiterbar. EU-Herstellung.\" \/>\n<meta property=\"og:url\" content=\"https:\/\/www.pvo-int.com\/de\/product\/pv-inverter-shelter-slim\/\" \/>\n<meta property=\"og:site_name\" content=\"PVO International\" \/>\n<meta property=\"article:modified_time\" content=\"2025-11-14T09:32:33+00:00\" \/>\n<meta property=\"og:image\" content=\"https:\/\/www.pvo-int.com\/wp-content\/uploads\/2025\/11\/slim.webp\" \/>\n\t<meta property=\"og:image:width\" content=\"600\" \/>\n\t<meta property=\"og:image:height\" content=\"400\" \/>\n\t<meta property=\"og:image:type\" content=\"image\/webp\" \/>\n<meta name=\"twitter:card\" content=\"summary_large_image\" \/>\n<meta name=\"twitter:label1\" content=\"Gesch\u00e4tzte Lesezeit\" \/>\n\t<meta name=\"twitter:data1\" content=\"1\u00a0Minute\" \/>\n<script type=\"application\/ld+json\" class=\"yoast-schema-graph\">{\"@context\":\"https:\/\/schema.org\",\"@graph\":[{\"@type\":\"WebPage\",\"@id\":\"https:\/\/www.pvo-int.com\/de\/product\/pv-inverter-shelter-slim\/\",\"url\":\"https:\/\/www.pvo-int.com\/de\/product\/pv-inverter-shelter-slim\/\",\"name\":\"PV Inverter Shelter Slim \u2013 Kompakte modulare Wechselrichter\",\"isPartOf\":{\"@id\":\"https:\/\/www.pvo-int.com\/de\/#website\"},\"primaryImageOfPage\":{\"@id\":\"https:\/\/www.pvo-int.com\/de\/product\/pv-inverter-shelter-slim\/#primaryimage\"},\"image\":{\"@id\":\"https:\/\/www.pvo-int.com\/de\/product\/pv-inverter-shelter-slim\/#primaryimage\"},\"thumbnailUrl\":\"https:\/\/www.pvo-int.com\/wp-content\/uploads\/2025\/11\/slim.webp\",\"datePublished\":\"2025-11-14T09:26:48+00:00\",\"dateModified\":\"2025-11-14T09:32:33+00:00\",\"description\":\"Modulare Wechselrichter-Shelter f\u00fcr PV-Anlagen. Leicht, schnell installiert, mit geringer Windlast. Erweiterbar. EU-Herstellung.\",\"breadcrumb\":{\"@id\":\"https:\/\/www.pvo-int.com\/de\/product\/pv-inverter-shelter-slim\/#breadcrumb\"},\"inLanguage\":\"de\",\"potentialAction\":[{\"@type\":\"ReadAction\",\"target\":[\"https:\/\/www.pvo-int.com\/de\/product\/pv-inverter-shelter-slim\/\"]}]},{\"@type\":\"ImageObject\",\"inLanguage\":\"de\",\"@id\":\"https:\/\/www.pvo-int.com\/de\/product\/pv-inverter-shelter-slim\/#primaryimage\",\"url\":\"https:\/\/www.pvo-int.com\/wp-content\/uploads\/2025\/11\/slim.webp\",\"contentUrl\":\"https:\/\/www.pvo-int.com\/wp-content\/uploads\/2025\/11\/slim.webp\",\"width\":600,\"height\":400},{\"@type\":\"BreadcrumbList\",\"@id\":\"https:\/\/www.pvo-int.com\/de\/product\/pv-inverter-shelter-slim\/#breadcrumb\",\"itemListElement\":[{\"@type\":\"ListItem\",\"position\":1,\"name\":\"Home\",\"item\":\"https:\/\/www.pvo-int.com\/de\/\"},{\"@type\":\"ListItem\",\"position\":2,\"name\":\"Produkte\",\"item\":\"https:\/\/www.pvo-int.com\/de\/shop\/\"},{\"@type\":\"ListItem\",\"position\":3,\"name\":\"ValkCableCare PV Inverter Shelter Slim\"}]},{\"@type\":\"WebSite\",\"@id\":\"https:\/\/www.pvo-int.com\/de\/#website\",\"url\":\"https:\/\/www.pvo-int.com\/de\/\",\"name\":\"PVO International\",\"description\":\"\",\"potentialAction\":[{\"@type\":\"SearchAction\",\"target\":{\"@type\":\"EntryPoint\",\"urlTemplate\":\"https:\/\/www.pvo-int.com\/de\/?s={search_term_string}\"},\"query-input\":{\"@type\":\"PropertyValueSpecification\",\"valueRequired\":true,\"valueName\":\"search_term_string\"}}],\"inLanguage\":\"de\"}]}<\/script>\n<!-- \/ Yoast SEO plugin. -->","yoast_head_json":{"title":"PV Inverter Shelter Slim \u2013 Kompakte modulare Wechselrichter","description":"Modulare Wechselrichter-Shelter f\u00fcr PV-Anlagen. Leicht, schnell installiert, mit geringer Windlast. Erweiterbar. EU-Herstellung.","robots":{"index":"index","follow":"follow","max-snippet":"max-snippet:-1","max-image-preview":"max-image-preview:large","max-video-preview":"max-video-preview:-1"},"canonical":"https:\/\/www.pvo-int.com\/de\/product\/pv-inverter-shelter-slim\/","og_locale":"de_DE","og_type":"article","og_title":"PV Inverter Shelter Slim \u2013 Kompakte modulare Wechselrichter","og_description":"Modulare Wechselrichter-Shelter f\u00fcr PV-Anlagen. Leicht, schnell installiert, mit geringer Windlast. Erweiterbar. EU-Herstellung.","og_url":"https:\/\/www.pvo-int.com\/de\/product\/pv-inverter-shelter-slim\/","og_site_name":"PVO International","article_modified_time":"2025-11-14T09:32:33+00:00","og_image":[{"width":600,"height":400,"url":"https:\/\/www.pvo-int.com\/wp-content\/uploads\/2025\/11\/slim.webp","type":"image\/webp"}],"twitter_card":"summary_large_image","twitter_misc":{"Gesch\u00e4tzte Lesezeit":"1\u00a0Minute"},"schema":{"@context":"https:\/\/schema.org","@graph":[{"@type":"WebPage","@id":"https:\/\/www.pvo-int.com\/de\/product\/pv-inverter-shelter-slim\/","url":"https:\/\/www.pvo-int.com\/de\/product\/pv-inverter-shelter-slim\/","name":"PV Inverter Shelter Slim \u2013 Kompakte modulare Wechselrichter","isPartOf":{"@id":"https:\/\/www.pvo-int.com\/de\/#website"},"primaryImageOfPage":{"@id":"https:\/\/www.pvo-int.com\/de\/product\/pv-inverter-shelter-slim\/#primaryimage"},"image":{"@id":"https:\/\/www.pvo-int.com\/de\/product\/pv-inverter-shelter-slim\/#primaryimage"},"thumbnailUrl":"https:\/\/www.pvo-int.com\/wp-content\/uploads\/2025\/11\/slim.webp","datePublished":"2025-11-14T09:26:48+00:00","dateModified":"2025-11-14T09:32:33+00:00","description":"Modulare Wechselrichter-Shelter f\u00fcr PV-Anlagen. Leicht, schnell installiert, mit geringer Windlast. Erweiterbar. EU-Herstellung.","breadcrumb":{"@id":"https:\/\/www.pvo-int.com\/de\/product\/pv-inverter-shelter-slim\/#breadcrumb"},"inLanguage":"de","potentialAction":[{"@type":"ReadAction","target":["https:\/\/www.pvo-int.com\/de\/product\/pv-inverter-shelter-slim\/"]}]},{"@type":"ImageObject","inLanguage":"de","@id":"https:\/\/www.pvo-int.com\/de\/product\/pv-inverter-shelter-slim\/#primaryimage","url":"https:\/\/www.pvo-int.com\/wp-content\/uploads\/2025\/11\/slim.webp","contentUrl":"https:\/\/www.pvo-int.com\/wp-content\/uploads\/2025\/11\/slim.webp","width":600,"height":400},{"@type":"BreadcrumbList","@id":"https:\/\/www.pvo-int.com\/de\/product\/pv-inverter-shelter-slim\/#breadcrumb","itemListElement":[{"@type":"ListItem","position":1,"name":"Home","item":"https:\/\/www.pvo-int.com\/de\/"},{"@type":"ListItem","position":2,"name":"Produkte","item":"https:\/\/www.pvo-int.com\/de\/shop\/"},{"@type":"ListItem","position":3,"name":"ValkCableCare PV Inverter Shelter Slim"}]},{"@type":"WebSite","@id":"https:\/\/www.pvo-int.com\/de\/#website","url":"https:\/\/www.pvo-int.com\/de\/","name":"PVO International","description":"","potentialAction":[{"@type":"SearchAction","target":{"@type":"EntryPoint","urlTemplate":"https:\/\/www.pvo-int.com\/de\/?s={search_term_string}"},"query-input":{"@type":"PropertyValueSpecification","valueRequired":true,"valueName":"search_term_string"}}],"inLanguage":"de"}]}},"_links":{"self":[{"href":"https:\/\/www.pvo-int.com\/de\/wp-json\/wp\/v2\/product\/34125","targetHints":{"allow":["GET"]}}],"collection":[{"href":"https:\/\/www.pvo-int.com\/de\/wp-json\/wp\/v2\/product"}],"about":[{"href":"https:\/\/www.pvo-int.com\/de\/wp-json\/wp\/v2\/types\/product"}],"replies":[{"embeddable":true,"href":"https:\/\/www.pvo-int.com\/de\/wp-json\/wp\/v2\/comments?post=34125"}],"wp:featuredmedia":[{"embeddable":true,"href":"https:\/\/www.pvo-int.com\/de\/wp-json\/wp\/v2\/media\/34123"}],"wp:attachment":[{"href":"https:\/\/www.pvo-int.com\/de\/wp-json\/wp\/v2\/media?parent=34125"}],"wp:term":[{"taxonomy":"product_cat","embeddable":true,"href":"https:\/\/www.pvo-int.com\/de\/wp-json\/wp\/v2\/product_cat?post=34125"},{"taxonomy":"product_tag","embeddable":true,"href":"https:\/\/www.pvo-int.com\/de\/wp-json\/wp\/v2\/product_tag?post=34125"}],"curies":[{"name":"wp","href":"https:\/\/api.w.org\/{rel}","templated":true}]}}