{"id":34108,"date":"2025-11-14T08:27:51","date_gmt":"2025-11-14T08:27:51","guid":{"rendered":"https:\/\/www.pvo-int.com\/?post_type=product&#038;p=34108"},"modified":"2025-11-14T09:03:25","modified_gmt":"2025-11-14T09:03:25","slug":"pv-inverter-shelter-wall","status":"publish","type":"product","link":"https:\/\/www.pvo-int.com\/de\/product\/pv-inverter-shelter-wall\/","title":{"rendered":"ValkCableCare PV Inverter Shelter Wall"},"content":{"rendered":"","protected":false},"excerpt":{"rendered":"<p data-start=\"1468\" data-end=\"1755\">Der ValkCableCare PV Inverter Shelter Wall ist ein einseitiges, wandmontiertes Wechselrichtergeh\u00e4use f\u00fcr gewerbliche PV-Anlagen. Mit nur zwei Hauptkomponenten und mitgeliefertem Montagematerial erm\u00f6glicht es eine schnelle, platzsparende und sichere Installation an Fassaden oder D\u00e4chern.<\/p>\n<p data-start=\"1757\" data-end=\"2000\">\u2713 Wandmontage f\u00fcr kompakte Installationen<br data-start=\"1798\" data-end=\"1801\" \/>\u2713 Leicht (33 kg) und einfach zu montieren<br data-start=\"1842\" data-end=\"1845\" \/>\u2713 Installation in unter 7 Minuten<br data-start=\"1878\" data-end=\"1881\" \/>\u2713 Korrosionsbest\u00e4ndig durch Zink-Magnesium<br data-start=\"1923\" data-end=\"1926\" \/>\u2713 Tr\u00e4gt Wechselrichter bis 200 kg<br data-start=\"1959\" data-end=\"1962\" \/>\u2713 Ideal f\u00fcr gewerbliche Solaranlagen<\/p>\n","protected":false},"featured_media":34106,"comment_status":"closed","ping_status":"closed","template":"","meta":{"_acf_changed":false,"content-type":""},"product_cat":[2128],"product_tag":[],"class_list":{"0":"post-34108","1":"product","2":"type-product","3":"status-publish","4":"has-post-thumbnail","6":"product_brand-van-der-valk-solar-systems-de","7":"product_cat-montagesysteme-de","9":"first","10":"instock","11":"shipping-taxable","12":"product-type-simple"},"acf":[],"yoast_head":"<!-- This site is optimized with the Yoast SEO plugin v27.1 - https:\/\/yoast.com\/product\/yoast-seo-wordpress\/ -->\n<title>PV Inverter Shelter Wall \u2013 Kompaktes Wandgeh\u00e4use<\/title>\n<meta name=\"description\" content=\"ValkCableCare PV Inverter Shelter Wall 760603 \u2013 Wandgeh\u00e4use f\u00fcr C&amp;I-Wechselrichter. Schnell zu montieren, kompakt, korrosionsbest\u00e4ndig.\" \/>\n<meta name=\"robots\" content=\"index, follow, max-snippet:-1, max-image-preview:large, max-video-preview:-1\" \/>\n<link rel=\"canonical\" href=\"https:\/\/www.pvo-int.com\/de\/product\/pv-inverter-shelter-wall\/\" \/>\n<meta property=\"og:locale\" content=\"de_DE\" \/>\n<meta property=\"og:type\" content=\"article\" \/>\n<meta property=\"og:title\" content=\"PV Inverter Shelter Wall \u2013 Kompaktes Wandgeh\u00e4use\" \/>\n<meta property=\"og:description\" content=\"ValkCableCare PV Inverter Shelter Wall 760603 \u2013 Wandgeh\u00e4use f\u00fcr C&amp;I-Wechselrichter. Schnell zu montieren, kompakt, korrosionsbest\u00e4ndig.\" \/>\n<meta property=\"og:url\" content=\"https:\/\/www.pvo-int.com\/de\/product\/pv-inverter-shelter-wall\/\" \/>\n<meta property=\"og:site_name\" content=\"PVO International\" \/>\n<meta property=\"article:modified_time\" content=\"2025-11-14T09:03:25+00:00\" \/>\n<meta property=\"og:image\" content=\"https:\/\/www.pvo-int.com\/wp-content\/uploads\/2025\/11\/pv-inverter-shelter-wall-2.webp\" \/>\n\t<meta property=\"og:image:width\" content=\"600\" \/>\n\t<meta property=\"og:image:height\" content=\"400\" \/>\n\t<meta property=\"og:image:type\" content=\"image\/webp\" \/>\n<meta name=\"twitter:card\" content=\"summary_large_image\" \/>\n<meta name=\"twitter:label1\" content=\"Gesch\u00e4tzte Lesezeit\" \/>\n\t<meta name=\"twitter:data1\" content=\"1\u00a0Minute\" \/>\n<script type=\"application\/ld+json\" class=\"yoast-schema-graph\">{\"@context\":\"https:\/\/schema.org\",\"@graph\":[{\"@type\":\"WebPage\",\"@id\":\"https:\/\/www.pvo-int.com\/de\/product\/pv-inverter-shelter-wall\/\",\"url\":\"https:\/\/www.pvo-int.com\/de\/product\/pv-inverter-shelter-wall\/\",\"name\":\"PV Inverter Shelter Wall \u2013 Kompaktes Wandgeh\u00e4use\",\"isPartOf\":{\"@id\":\"https:\/\/www.pvo-int.com\/de\/#website\"},\"primaryImageOfPage\":{\"@id\":\"https:\/\/www.pvo-int.com\/de\/product\/pv-inverter-shelter-wall\/#primaryimage\"},\"image\":{\"@id\":\"https:\/\/www.pvo-int.com\/de\/product\/pv-inverter-shelter-wall\/#primaryimage\"},\"thumbnailUrl\":\"https:\/\/www.pvo-int.com\/wp-content\/uploads\/2025\/11\/pv-inverter-shelter-wall-2.webp\",\"datePublished\":\"2025-11-14T08:27:51+00:00\",\"dateModified\":\"2025-11-14T09:03:25+00:00\",\"description\":\"ValkCableCare PV Inverter Shelter Wall 760603 \u2013 Wandgeh\u00e4use f\u00fcr C&I-Wechselrichter. Schnell zu montieren, kompakt, korrosionsbest\u00e4ndig.\",\"breadcrumb\":{\"@id\":\"https:\/\/www.pvo-int.com\/de\/product\/pv-inverter-shelter-wall\/#breadcrumb\"},\"inLanguage\":\"de\",\"potentialAction\":[{\"@type\":\"ReadAction\",\"target\":[\"https:\/\/www.pvo-int.com\/de\/product\/pv-inverter-shelter-wall\/\"]}]},{\"@type\":\"ImageObject\",\"inLanguage\":\"de\",\"@id\":\"https:\/\/www.pvo-int.com\/de\/product\/pv-inverter-shelter-wall\/#primaryimage\",\"url\":\"https:\/\/www.pvo-int.com\/wp-content\/uploads\/2025\/11\/pv-inverter-shelter-wall-2.webp\",\"contentUrl\":\"https:\/\/www.pvo-int.com\/wp-content\/uploads\/2025\/11\/pv-inverter-shelter-wall-2.webp\",\"width\":600,\"height\":400},{\"@type\":\"BreadcrumbList\",\"@id\":\"https:\/\/www.pvo-int.com\/de\/product\/pv-inverter-shelter-wall\/#breadcrumb\",\"itemListElement\":[{\"@type\":\"ListItem\",\"position\":1,\"name\":\"Home\",\"item\":\"https:\/\/www.pvo-int.com\/de\/\"},{\"@type\":\"ListItem\",\"position\":2,\"name\":\"Produkte\",\"item\":\"https:\/\/www.pvo-int.com\/de\/shop\/\"},{\"@type\":\"ListItem\",\"position\":3,\"name\":\"ValkCableCare PV Inverter Shelter Wall\"}]},{\"@type\":\"WebSite\",\"@id\":\"https:\/\/www.pvo-int.com\/de\/#website\",\"url\":\"https:\/\/www.pvo-int.com\/de\/\",\"name\":\"PVO International\",\"description\":\"\",\"potentialAction\":[{\"@type\":\"SearchAction\",\"target\":{\"@type\":\"EntryPoint\",\"urlTemplate\":\"https:\/\/www.pvo-int.com\/de\/?s={search_term_string}\"},\"query-input\":{\"@type\":\"PropertyValueSpecification\",\"valueRequired\":true,\"valueName\":\"search_term_string\"}}],\"inLanguage\":\"de\"}]}<\/script>\n<!-- \/ Yoast SEO plugin. -->","yoast_head_json":{"title":"PV Inverter Shelter Wall \u2013 Kompaktes Wandgeh\u00e4use","description":"ValkCableCare PV Inverter Shelter Wall 760603 \u2013 Wandgeh\u00e4use f\u00fcr C&I-Wechselrichter. Schnell zu montieren, kompakt, korrosionsbest\u00e4ndig.","robots":{"index":"index","follow":"follow","max-snippet":"max-snippet:-1","max-image-preview":"max-image-preview:large","max-video-preview":"max-video-preview:-1"},"canonical":"https:\/\/www.pvo-int.com\/de\/product\/pv-inverter-shelter-wall\/","og_locale":"de_DE","og_type":"article","og_title":"PV Inverter Shelter Wall \u2013 Kompaktes Wandgeh\u00e4use","og_description":"ValkCableCare PV Inverter Shelter Wall 760603 \u2013 Wandgeh\u00e4use f\u00fcr C&I-Wechselrichter. Schnell zu montieren, kompakt, korrosionsbest\u00e4ndig.","og_url":"https:\/\/www.pvo-int.com\/de\/product\/pv-inverter-shelter-wall\/","og_site_name":"PVO International","article_modified_time":"2025-11-14T09:03:25+00:00","og_image":[{"width":600,"height":400,"url":"https:\/\/www.pvo-int.com\/wp-content\/uploads\/2025\/11\/pv-inverter-shelter-wall-2.webp","type":"image\/webp"}],"twitter_card":"summary_large_image","twitter_misc":{"Gesch\u00e4tzte Lesezeit":"1\u00a0Minute"},"schema":{"@context":"https:\/\/schema.org","@graph":[{"@type":"WebPage","@id":"https:\/\/www.pvo-int.com\/de\/product\/pv-inverter-shelter-wall\/","url":"https:\/\/www.pvo-int.com\/de\/product\/pv-inverter-shelter-wall\/","name":"PV Inverter Shelter Wall \u2013 Kompaktes Wandgeh\u00e4use","isPartOf":{"@id":"https:\/\/www.pvo-int.com\/de\/#website"},"primaryImageOfPage":{"@id":"https:\/\/www.pvo-int.com\/de\/product\/pv-inverter-shelter-wall\/#primaryimage"},"image":{"@id":"https:\/\/www.pvo-int.com\/de\/product\/pv-inverter-shelter-wall\/#primaryimage"},"thumbnailUrl":"https:\/\/www.pvo-int.com\/wp-content\/uploads\/2025\/11\/pv-inverter-shelter-wall-2.webp","datePublished":"2025-11-14T08:27:51+00:00","dateModified":"2025-11-14T09:03:25+00:00","description":"ValkCableCare PV Inverter Shelter Wall 760603 \u2013 Wandgeh\u00e4use f\u00fcr C&I-Wechselrichter. Schnell zu montieren, kompakt, korrosionsbest\u00e4ndig.","breadcrumb":{"@id":"https:\/\/www.pvo-int.com\/de\/product\/pv-inverter-shelter-wall\/#breadcrumb"},"inLanguage":"de","potentialAction":[{"@type":"ReadAction","target":["https:\/\/www.pvo-int.com\/de\/product\/pv-inverter-shelter-wall\/"]}]},{"@type":"ImageObject","inLanguage":"de","@id":"https:\/\/www.pvo-int.com\/de\/product\/pv-inverter-shelter-wall\/#primaryimage","url":"https:\/\/www.pvo-int.com\/wp-content\/uploads\/2025\/11\/pv-inverter-shelter-wall-2.webp","contentUrl":"https:\/\/www.pvo-int.com\/wp-content\/uploads\/2025\/11\/pv-inverter-shelter-wall-2.webp","width":600,"height":400},{"@type":"BreadcrumbList","@id":"https:\/\/www.pvo-int.com\/de\/product\/pv-inverter-shelter-wall\/#breadcrumb","itemListElement":[{"@type":"ListItem","position":1,"name":"Home","item":"https:\/\/www.pvo-int.com\/de\/"},{"@type":"ListItem","position":2,"name":"Produkte","item":"https:\/\/www.pvo-int.com\/de\/shop\/"},{"@type":"ListItem","position":3,"name":"ValkCableCare PV Inverter Shelter Wall"}]},{"@type":"WebSite","@id":"https:\/\/www.pvo-int.com\/de\/#website","url":"https:\/\/www.pvo-int.com\/de\/","name":"PVO International","description":"","potentialAction":[{"@type":"SearchAction","target":{"@type":"EntryPoint","urlTemplate":"https:\/\/www.pvo-int.com\/de\/?s={search_term_string}"},"query-input":{"@type":"PropertyValueSpecification","valueRequired":true,"valueName":"search_term_string"}}],"inLanguage":"de"}]}},"_links":{"self":[{"href":"https:\/\/www.pvo-int.com\/de\/wp-json\/wp\/v2\/product\/34108","targetHints":{"allow":["GET"]}}],"collection":[{"href":"https:\/\/www.pvo-int.com\/de\/wp-json\/wp\/v2\/product"}],"about":[{"href":"https:\/\/www.pvo-int.com\/de\/wp-json\/wp\/v2\/types\/product"}],"replies":[{"embeddable":true,"href":"https:\/\/www.pvo-int.com\/de\/wp-json\/wp\/v2\/comments?post=34108"}],"wp:featuredmedia":[{"embeddable":true,"href":"https:\/\/www.pvo-int.com\/de\/wp-json\/wp\/v2\/media\/34106"}],"wp:attachment":[{"href":"https:\/\/www.pvo-int.com\/de\/wp-json\/wp\/v2\/media?parent=34108"}],"wp:term":[{"taxonomy":"product_cat","embeddable":true,"href":"https:\/\/www.pvo-int.com\/de\/wp-json\/wp\/v2\/product_cat?post=34108"},{"taxonomy":"product_tag","embeddable":true,"href":"https:\/\/www.pvo-int.com\/de\/wp-json\/wp\/v2\/product_tag?post=34108"}],"curies":[{"name":"wp","href":"https:\/\/api.w.org\/{rel}","templated":true}]}}