{"id":31480,"date":"2025-05-02T14:04:08","date_gmt":"2025-05-02T14:12:55","guid":{"rendered":"https:\/\/www.pvo-int.com\/?post_type=product&#038;p=31480"},"modified":"2025-05-02T14:12:55","modified_gmt":"2025-05-02T14:12:55","slug":"jinko-tiger-neo-48hl4m-db","status":"publish","type":"product","link":"https:\/\/www.pvo-int.com\/de\/product\/jinko-tiger-neo-48hl4m-db\/","title":{"rendered":"Jinko Tiger Neo 48HL4M-DB"},"content":{"rendered":"","protected":false},"excerpt":{"rendered":"<p class=\"\" data-start=\"1953\" data-end=\"2235\">Das Jinko Tiger Neo 48HL4M-DB ist ein leistungsstarkes N-Typ <strong data-start=\"2014\" data-end=\"2030\">monofaciales<\/strong> Solarmodul in elegantem All-Black-Design mit Dual-Glas-Aufbau. Dank HOT 3.0- und TOPCon-Technologie \u00fcberzeugt es durch hohe Effizienz, geringe Degradation und Zuverl\u00e4ssigkeit f\u00fcr Wohn- und Gewerbeanlagen.<\/p>\n<p class=\"\" data-start=\"2237\" data-end=\"2523\">\u2713 Leistung: 450\u2013475 Wp, Wirkungsgrad bis 23,77%<br data-start=\"2284\" data-end=\"2287\" \/>\u2713 N-Typ TOPCon-Zellen: geringe LID\/LeTID-Verluste<br data-start=\"2336\" data-end=\"2339\" \/>\u2713 Monofaciales Dual-Glas-Modul in Vollschwarz<br data-start=\"2384\" data-end=\"2387\" \/>\u2713 Belastbar: 6000 Pa vorne, 4000 Pa hinten<br data-start=\"2429\" data-end=\"2432\" \/>\u2713 Anti-PID, salz- und ammoniakbest\u00e4ndig<br data-start=\"2471\" data-end=\"2474\" \/>\u2713 25 Jahre Produkt-, 30 Jahre Leistungsgarantie<\/p>\n","protected":false},"featured_media":31478,"comment_status":"closed","ping_status":"closed","template":"","meta":{"_acf_changed":false,"content-type":""},"product_cat":[1237],"product_tag":[],"class_list":{"0":"post-31480","1":"product","2":"type-product","3":"status-publish","4":"has-post-thumbnail","6":"product_brand-jinko-solar-de","7":"product_cat-solarmodule-de","8":"pa_vermogensgarantie-30-jahre","10":"first","11":"instock","12":"shipping-taxable","13":"product-type-simple"},"acf":[],"yoast_head":"<!-- This site is optimized with the Yoast SEO plugin v27.1 - https:\/\/yoast.com\/product\/yoast-seo-wordpress\/ -->\n<title>Jinko Tiger Neo 48HL4M-DB - PVO International<\/title>\n<meta name=\"description\" content=\"Jinko Tiger Neo 48HL4M-DB: Monofaciales Modul (450\u2013475Wp) f\u00fcr Wohnanlagen. 30 Jahre Garantie. F\u00fcr Installateure und gewerbliche Solartechnikpartner.\" \/>\n<meta name=\"robots\" content=\"index, follow, max-snippet:-1, max-image-preview:large, max-video-preview:-1\" \/>\n<link rel=\"canonical\" href=\"https:\/\/www.pvo-int.com\/de\/product\/jinko-tiger-neo-48hl4m-db\/\" \/>\n<meta property=\"og:locale\" content=\"de_DE\" \/>\n<meta property=\"og:type\" content=\"article\" \/>\n<meta property=\"og:title\" content=\"Jinko Tiger Neo 48HL4M-DB - PVO International\" \/>\n<meta property=\"og:description\" content=\"Jinko Tiger Neo 48HL4M-DB: Monofaciales Modul (450\u2013475Wp) f\u00fcr Wohnanlagen. 30 Jahre Garantie. F\u00fcr Installateure und gewerbliche Solartechnikpartner.\" \/>\n<meta property=\"og:url\" content=\"https:\/\/www.pvo-int.com\/de\/product\/jinko-tiger-neo-48hl4m-db\/\" \/>\n<meta property=\"og:site_name\" content=\"PVO International\" \/>\n<meta property=\"og:image\" content=\"https:\/\/www.pvo-int.com\/wp-content\/uploads\/2025\/05\/JinkoSolar-Tiger-Neo-Mono-48-HC-All-Black-Dual-Glass-Side-03-724x1024.png\" \/>\n\t<meta property=\"og:image:width\" content=\"724\" \/>\n\t<meta property=\"og:image:height\" content=\"1024\" \/>\n\t<meta property=\"og:image:type\" content=\"image\/png\" \/>\n<meta name=\"twitter:card\" content=\"summary_large_image\" \/>\n<script type=\"application\/ld+json\" class=\"yoast-schema-graph\">{\"@context\":\"https:\/\/schema.org\",\"@graph\":[{\"@type\":\"WebPage\",\"@id\":\"https:\/\/www.pvo-int.com\/de\/product\/jinko-tiger-neo-48hl4m-db\/\",\"url\":\"https:\/\/www.pvo-int.com\/de\/product\/jinko-tiger-neo-48hl4m-db\/\",\"name\":\"Jinko Tiger Neo 48HL4M-DB - PVO International\",\"isPartOf\":{\"@id\":\"https:\/\/www.pvo-int.com\/de\/#website\"},\"primaryImageOfPage\":{\"@id\":\"https:\/\/www.pvo-int.com\/de\/product\/jinko-tiger-neo-48hl4m-db\/#primaryimage\"},\"image\":{\"@id\":\"https:\/\/www.pvo-int.com\/de\/product\/jinko-tiger-neo-48hl4m-db\/#primaryimage\"},\"thumbnailUrl\":\"https:\/\/www.pvo-int.com\/wp-content\/uploads\/2025\/05\/JinkoSolar-Tiger-Neo-Mono-48-HC-All-Black-Dual-Glass-Side-03.png\",\"datePublished\":\"2025-05-02T14:12:55+00:00\",\"description\":\"Jinko Tiger Neo 48HL4M-DB: Monofaciales Modul (450\u2013475Wp) f\u00fcr Wohnanlagen. 30 Jahre Garantie. F\u00fcr Installateure und gewerbliche Solartechnikpartner.\",\"breadcrumb\":{\"@id\":\"https:\/\/www.pvo-int.com\/de\/product\/jinko-tiger-neo-48hl4m-db\/#breadcrumb\"},\"inLanguage\":\"de\",\"potentialAction\":[{\"@type\":\"ReadAction\",\"target\":[\"https:\/\/www.pvo-int.com\/de\/product\/jinko-tiger-neo-48hl4m-db\/\"]}]},{\"@type\":\"ImageObject\",\"inLanguage\":\"de\",\"@id\":\"https:\/\/www.pvo-int.com\/de\/product\/jinko-tiger-neo-48hl4m-db\/#primaryimage\",\"url\":\"https:\/\/www.pvo-int.com\/wp-content\/uploads\/2025\/05\/JinkoSolar-Tiger-Neo-Mono-48-HC-All-Black-Dual-Glass-Side-03.png\",\"contentUrl\":\"https:\/\/www.pvo-int.com\/wp-content\/uploads\/2025\/05\/JinkoSolar-Tiger-Neo-Mono-48-HC-All-Black-Dual-Glass-Side-03.png\",\"width\":1811,\"height\":2560},{\"@type\":\"BreadcrumbList\",\"@id\":\"https:\/\/www.pvo-int.com\/de\/product\/jinko-tiger-neo-48hl4m-db\/#breadcrumb\",\"itemListElement\":[{\"@type\":\"ListItem\",\"position\":1,\"name\":\"Home\",\"item\":\"https:\/\/www.pvo-int.com\/de\/\"},{\"@type\":\"ListItem\",\"position\":2,\"name\":\"Produkte\",\"item\":\"https:\/\/www.pvo-int.com\/de\/shop\/\"},{\"@type\":\"ListItem\",\"position\":3,\"name\":\"Jinko Tiger Neo 48HL4M-DB\"}]},{\"@type\":\"WebSite\",\"@id\":\"https:\/\/www.pvo-int.com\/de\/#website\",\"url\":\"https:\/\/www.pvo-int.com\/de\/\",\"name\":\"PVO International\",\"description\":\"\",\"potentialAction\":[{\"@type\":\"SearchAction\",\"target\":{\"@type\":\"EntryPoint\",\"urlTemplate\":\"https:\/\/www.pvo-int.com\/de\/?s={search_term_string}\"},\"query-input\":{\"@type\":\"PropertyValueSpecification\",\"valueRequired\":true,\"valueName\":\"search_term_string\"}}],\"inLanguage\":\"de\"}]}<\/script>\n<!-- \/ Yoast SEO plugin. -->","yoast_head_json":{"title":"Jinko Tiger Neo 48HL4M-DB - PVO International","description":"Jinko Tiger Neo 48HL4M-DB: Monofaciales Modul (450\u2013475Wp) f\u00fcr Wohnanlagen. 30 Jahre Garantie. F\u00fcr Installateure und gewerbliche Solartechnikpartner.","robots":{"index":"index","follow":"follow","max-snippet":"max-snippet:-1","max-image-preview":"max-image-preview:large","max-video-preview":"max-video-preview:-1"},"canonical":"https:\/\/www.pvo-int.com\/de\/product\/jinko-tiger-neo-48hl4m-db\/","og_locale":"de_DE","og_type":"article","og_title":"Jinko Tiger Neo 48HL4M-DB - PVO International","og_description":"Jinko Tiger Neo 48HL4M-DB: Monofaciales Modul (450\u2013475Wp) f\u00fcr Wohnanlagen. 30 Jahre Garantie. F\u00fcr Installateure und gewerbliche Solartechnikpartner.","og_url":"https:\/\/www.pvo-int.com\/de\/product\/jinko-tiger-neo-48hl4m-db\/","og_site_name":"PVO International","og_image":[{"width":724,"height":1024,"url":"https:\/\/www.pvo-int.com\/wp-content\/uploads\/2025\/05\/JinkoSolar-Tiger-Neo-Mono-48-HC-All-Black-Dual-Glass-Side-03-724x1024.png","type":"image\/png"}],"twitter_card":"summary_large_image","schema":{"@context":"https:\/\/schema.org","@graph":[{"@type":"WebPage","@id":"https:\/\/www.pvo-int.com\/de\/product\/jinko-tiger-neo-48hl4m-db\/","url":"https:\/\/www.pvo-int.com\/de\/product\/jinko-tiger-neo-48hl4m-db\/","name":"Jinko Tiger Neo 48HL4M-DB - PVO International","isPartOf":{"@id":"https:\/\/www.pvo-int.com\/de\/#website"},"primaryImageOfPage":{"@id":"https:\/\/www.pvo-int.com\/de\/product\/jinko-tiger-neo-48hl4m-db\/#primaryimage"},"image":{"@id":"https:\/\/www.pvo-int.com\/de\/product\/jinko-tiger-neo-48hl4m-db\/#primaryimage"},"thumbnailUrl":"https:\/\/www.pvo-int.com\/wp-content\/uploads\/2025\/05\/JinkoSolar-Tiger-Neo-Mono-48-HC-All-Black-Dual-Glass-Side-03.png","datePublished":"2025-05-02T14:12:55+00:00","description":"Jinko Tiger Neo 48HL4M-DB: Monofaciales Modul (450\u2013475Wp) f\u00fcr Wohnanlagen. 30 Jahre Garantie. F\u00fcr Installateure und gewerbliche Solartechnikpartner.","breadcrumb":{"@id":"https:\/\/www.pvo-int.com\/de\/product\/jinko-tiger-neo-48hl4m-db\/#breadcrumb"},"inLanguage":"de","potentialAction":[{"@type":"ReadAction","target":["https:\/\/www.pvo-int.com\/de\/product\/jinko-tiger-neo-48hl4m-db\/"]}]},{"@type":"ImageObject","inLanguage":"de","@id":"https:\/\/www.pvo-int.com\/de\/product\/jinko-tiger-neo-48hl4m-db\/#primaryimage","url":"https:\/\/www.pvo-int.com\/wp-content\/uploads\/2025\/05\/JinkoSolar-Tiger-Neo-Mono-48-HC-All-Black-Dual-Glass-Side-03.png","contentUrl":"https:\/\/www.pvo-int.com\/wp-content\/uploads\/2025\/05\/JinkoSolar-Tiger-Neo-Mono-48-HC-All-Black-Dual-Glass-Side-03.png","width":1811,"height":2560},{"@type":"BreadcrumbList","@id":"https:\/\/www.pvo-int.com\/de\/product\/jinko-tiger-neo-48hl4m-db\/#breadcrumb","itemListElement":[{"@type":"ListItem","position":1,"name":"Home","item":"https:\/\/www.pvo-int.com\/de\/"},{"@type":"ListItem","position":2,"name":"Produkte","item":"https:\/\/www.pvo-int.com\/de\/shop\/"},{"@type":"ListItem","position":3,"name":"Jinko Tiger Neo 48HL4M-DB"}]},{"@type":"WebSite","@id":"https:\/\/www.pvo-int.com\/de\/#website","url":"https:\/\/www.pvo-int.com\/de\/","name":"PVO International","description":"","potentialAction":[{"@type":"SearchAction","target":{"@type":"EntryPoint","urlTemplate":"https:\/\/www.pvo-int.com\/de\/?s={search_term_string}"},"query-input":{"@type":"PropertyValueSpecification","valueRequired":true,"valueName":"search_term_string"}}],"inLanguage":"de"}]}},"_links":{"self":[{"href":"https:\/\/www.pvo-int.com\/de\/wp-json\/wp\/v2\/product\/31480","targetHints":{"allow":["GET"]}}],"collection":[{"href":"https:\/\/www.pvo-int.com\/de\/wp-json\/wp\/v2\/product"}],"about":[{"href":"https:\/\/www.pvo-int.com\/de\/wp-json\/wp\/v2\/types\/product"}],"replies":[{"embeddable":true,"href":"https:\/\/www.pvo-int.com\/de\/wp-json\/wp\/v2\/comments?post=31480"}],"wp:featuredmedia":[{"embeddable":true,"href":"https:\/\/www.pvo-int.com\/de\/wp-json\/wp\/v2\/media\/31478"}],"wp:attachment":[{"href":"https:\/\/www.pvo-int.com\/de\/wp-json\/wp\/v2\/media?parent=31480"}],"wp:term":[{"taxonomy":"product_cat","embeddable":true,"href":"https:\/\/www.pvo-int.com\/de\/wp-json\/wp\/v2\/product_cat?post=31480"},{"taxonomy":"product_tag","embeddable":true,"href":"https:\/\/www.pvo-int.com\/de\/wp-json\/wp\/v2\/product_tag?post=31480"}],"curies":[{"name":"wp","href":"https:\/\/api.w.org\/{rel}","templated":true}]}}