{"id":30476,"date":"2024-11-29T12:36:11","date_gmt":"2024-11-29T12:36:11","guid":{"rendered":"https:\/\/www.pvo-int.com\/product\/sofar-powermagic\/"},"modified":"2024-12-13T13:09:15","modified_gmt":"2024-12-13T13:09:15","slug":"sofar-powermagic","status":"publish","type":"product","link":"https:\/\/www.pvo-int.com\/de\/product\/sofar-powermagic\/","title":{"rendered":"SOFAR PowerMagic C&amp;I ESS"},"content":{"rendered":"","protected":false},"excerpt":{"rendered":"<ul>\n<li><strong>Niedrige LCOS<\/strong>\n<ul>\n<li>All-in-One-Design, hohe Energiedichte<\/li>\n<li>Plug-and-Play-Design, schnelle Installation &amp; geringere Kosten<\/li>\n<\/ul>\n<\/li>\n<li><strong>Effizient &amp; flexibel<\/strong>\n<ul>\n<li>Modulares Design unterst\u00fctzt parallele Verbindungen und einfache Systemerweiterung<\/li>\n<li>Grid-On\/Off-Auto-Umschaltfunktion, einfache Wartung und Betrieb (O&amp;M)<\/li>\n<\/ul>\n<\/li>\n<li><strong>Ultimative Sicherheit<\/strong>\n<ul>\n<li>3+2-Schutzdesign gew\u00e4hrleistet h\u00f6chste Sicherheit<\/li>\n<li>Trennung von Elektrizit\u00e4t und Fl\u00fcssigkeiten reduziert Systemrisiken<\/li>\n<\/ul>\n<\/li>\n<li><strong>Intelligente Verwaltung<\/strong>\n<ul>\n<li>Integriertes EMS erm\u00f6glicht Energiemanagement f\u00fcr verschiedene Szenarien<\/li>\n<li>Schnelle Status\u00fcberwachung und Fehlerprotokollierung erm\u00f6glichen Fr\u00fchwarnungen und pr\u00e4zise Fehlerlokalisierung<\/li>\n<\/ul>\n<\/li>\n<\/ul>\n","protected":false},"featured_media":30381,"comment_status":"closed","ping_status":"closed","template":"","meta":{"_acf_changed":false,"content-type":""},"product_cat":[1403],"product_tag":[],"class_list":{"0":"post-30476","1":"product","2":"type-product","3":"status-publish","4":"has-post-thumbnail","6":"product_brand-sofar-speicher-de","7":"product_cat-speicher-de","9":"first","10":"instock","11":"shipping-taxable","12":"product-type-simple"},"acf":[],"yoast_head":"<!-- This site is optimized with the Yoast SEO plugin v27.5 - https:\/\/yoast.com\/product\/yoast-seo-wordpress\/ -->\n<title>\u2600\ufe0f SOFAR PowerMagic | C&amp;I Batteriespeicher<\/title>\n<meta name=\"description\" content=\"Das SOFAR PowerMagic C&amp;I ESS: Modulare Energiespeicherung | Skalierbar &amp; sicher mit 3+2-Schutzdesign | Niedrige LCOS &amp; integriertes EMS \u27a1\ufe0f Jetzt bei PVO International erh\u00e4ltlich!\" \/>\n<meta name=\"robots\" content=\"index, follow, max-snippet:-1, max-image-preview:large, max-video-preview:-1\" \/>\n<link rel=\"canonical\" href=\"https:\/\/www.pvo-int.com\/de\/product\/sofar-powermagic\/\" \/>\n<meta property=\"og:locale\" content=\"de_DE\" \/>\n<meta property=\"og:type\" content=\"article\" \/>\n<meta property=\"og:title\" content=\"\u2600\ufe0f SOFAR PowerMagic | C&amp;I Batteriespeicher\" \/>\n<meta property=\"og:description\" content=\"Das SOFAR PowerMagic C&amp;I ESS: Modulare Energiespeicherung | Skalierbar &amp; sicher mit 3+2-Schutzdesign | Niedrige LCOS &amp; integriertes EMS \u27a1\ufe0f Jetzt bei PVO International erh\u00e4ltlich!\" \/>\n<meta property=\"og:url\" content=\"https:\/\/www.pvo-int.com\/de\/product\/sofar-powermagic\/\" \/>\n<meta property=\"og:site_name\" content=\"PVO International\" \/>\n<meta property=\"article:modified_time\" content=\"2024-12-13T13:09:15+00:00\" \/>\n<meta property=\"og:image\" content=\"https:\/\/www.pvo-int.com\/wp-content\/uploads\/2024\/11\/8180.png\" \/>\n\t<meta property=\"og:image:width\" content=\"500\" \/>\n\t<meta property=\"og:image:height\" content=\"354\" \/>\n\t<meta property=\"og:image:type\" content=\"image\/png\" \/>\n<meta name=\"twitter:card\" content=\"summary_large_image\" \/>\n<meta name=\"twitter:label1\" content=\"Gesch\u00e4tzte Lesezeit\" \/>\n\t<meta name=\"twitter:data1\" content=\"1\u00a0Minute\" \/>\n<script type=\"application\/ld+json\" class=\"yoast-schema-graph\">{\"@context\":\"https:\\\/\\\/schema.org\",\"@graph\":[{\"@type\":\"WebPage\",\"@id\":\"https:\\\/\\\/www.pvo-int.com\\\/de\\\/product\\\/sofar-powermagic\\\/\",\"url\":\"https:\\\/\\\/www.pvo-int.com\\\/de\\\/product\\\/sofar-powermagic\\\/\",\"name\":\"\u2600\ufe0f SOFAR PowerMagic | C&I Batteriespeicher\",\"isPartOf\":{\"@id\":\"https:\\\/\\\/www.pvo-int.com\\\/de\\\/#website\"},\"primaryImageOfPage\":{\"@id\":\"https:\\\/\\\/www.pvo-int.com\\\/de\\\/product\\\/sofar-powermagic\\\/#primaryimage\"},\"image\":{\"@id\":\"https:\\\/\\\/www.pvo-int.com\\\/de\\\/product\\\/sofar-powermagic\\\/#primaryimage\"},\"thumbnailUrl\":\"https:\\\/\\\/www.pvo-int.com\\\/wp-content\\\/uploads\\\/2024\\\/11\\\/8180.png\",\"datePublished\":\"2024-11-29T12:36:11+00:00\",\"dateModified\":\"2024-12-13T13:09:15+00:00\",\"description\":\"Das SOFAR PowerMagic C&I ESS: Modulare Energiespeicherung | Skalierbar & sicher mit 3+2-Schutzdesign | Niedrige LCOS & integriertes EMS \u27a1\ufe0f Jetzt bei PVO International erh\u00e4ltlich!\",\"breadcrumb\":{\"@id\":\"https:\\\/\\\/www.pvo-int.com\\\/de\\\/product\\\/sofar-powermagic\\\/#breadcrumb\"},\"inLanguage\":\"de\",\"potentialAction\":[{\"@type\":\"ReadAction\",\"target\":[\"https:\\\/\\\/www.pvo-int.com\\\/de\\\/product\\\/sofar-powermagic\\\/\"]}]},{\"@type\":\"ImageObject\",\"inLanguage\":\"de\",\"@id\":\"https:\\\/\\\/www.pvo-int.com\\\/de\\\/product\\\/sofar-powermagic\\\/#primaryimage\",\"url\":\"https:\\\/\\\/www.pvo-int.com\\\/wp-content\\\/uploads\\\/2024\\\/11\\\/8180.png\",\"contentUrl\":\"https:\\\/\\\/www.pvo-int.com\\\/wp-content\\\/uploads\\\/2024\\\/11\\\/8180.png\",\"width\":500,\"height\":354},{\"@type\":\"BreadcrumbList\",\"@id\":\"https:\\\/\\\/www.pvo-int.com\\\/de\\\/product\\\/sofar-powermagic\\\/#breadcrumb\",\"itemListElement\":[{\"@type\":\"ListItem\",\"position\":1,\"name\":\"Home\",\"item\":\"https:\\\/\\\/www.pvo-int.com\\\/de\\\/\"},{\"@type\":\"ListItem\",\"position\":2,\"name\":\"Produkte\",\"item\":\"https:\\\/\\\/www.pvo-int.com\\\/de\\\/shop\\\/\"},{\"@type\":\"ListItem\",\"position\":3,\"name\":\"SOFAR PowerMagic C&amp;I ESS\"}]},{\"@type\":\"WebSite\",\"@id\":\"https:\\\/\\\/www.pvo-int.com\\\/de\\\/#website\",\"url\":\"https:\\\/\\\/www.pvo-int.com\\\/de\\\/\",\"name\":\"PVO International\",\"description\":\"\",\"potentialAction\":[{\"@type\":\"SearchAction\",\"target\":{\"@type\":\"EntryPoint\",\"urlTemplate\":\"https:\\\/\\\/www.pvo-int.com\\\/de\\\/?s={search_term_string}\"},\"query-input\":{\"@type\":\"PropertyValueSpecification\",\"valueRequired\":true,\"valueName\":\"search_term_string\"}}],\"inLanguage\":\"de\"}]}<\/script>\n<!-- \/ Yoast SEO plugin. -->","yoast_head_json":{"title":"\u2600\ufe0f SOFAR PowerMagic | C&I Batteriespeicher","description":"Das SOFAR PowerMagic C&I ESS: Modulare Energiespeicherung | Skalierbar & sicher mit 3+2-Schutzdesign | Niedrige LCOS & integriertes EMS \u27a1\ufe0f Jetzt bei PVO International erh\u00e4ltlich!","robots":{"index":"index","follow":"follow","max-snippet":"max-snippet:-1","max-image-preview":"max-image-preview:large","max-video-preview":"max-video-preview:-1"},"canonical":"https:\/\/www.pvo-int.com\/de\/product\/sofar-powermagic\/","og_locale":"de_DE","og_type":"article","og_title":"\u2600\ufe0f SOFAR PowerMagic | C&I Batteriespeicher","og_description":"Das SOFAR PowerMagic C&I ESS: Modulare Energiespeicherung | Skalierbar & sicher mit 3+2-Schutzdesign | Niedrige LCOS & integriertes EMS \u27a1\ufe0f Jetzt bei PVO International erh\u00e4ltlich!","og_url":"https:\/\/www.pvo-int.com\/de\/product\/sofar-powermagic\/","og_site_name":"PVO International","article_modified_time":"2024-12-13T13:09:15+00:00","og_image":[{"width":500,"height":354,"url":"https:\/\/www.pvo-int.com\/wp-content\/uploads\/2024\/11\/8180.png","type":"image\/png"}],"twitter_card":"summary_large_image","twitter_misc":{"Gesch\u00e4tzte Lesezeit":"1\u00a0Minute"},"schema":{"@context":"https:\/\/schema.org","@graph":[{"@type":"WebPage","@id":"https:\/\/www.pvo-int.com\/de\/product\/sofar-powermagic\/","url":"https:\/\/www.pvo-int.com\/de\/product\/sofar-powermagic\/","name":"\u2600\ufe0f SOFAR PowerMagic | C&I Batteriespeicher","isPartOf":{"@id":"https:\/\/www.pvo-int.com\/de\/#website"},"primaryImageOfPage":{"@id":"https:\/\/www.pvo-int.com\/de\/product\/sofar-powermagic\/#primaryimage"},"image":{"@id":"https:\/\/www.pvo-int.com\/de\/product\/sofar-powermagic\/#primaryimage"},"thumbnailUrl":"https:\/\/www.pvo-int.com\/wp-content\/uploads\/2024\/11\/8180.png","datePublished":"2024-11-29T12:36:11+00:00","dateModified":"2024-12-13T13:09:15+00:00","description":"Das SOFAR PowerMagic C&I ESS: Modulare Energiespeicherung | Skalierbar & sicher mit 3+2-Schutzdesign | Niedrige LCOS & integriertes EMS \u27a1\ufe0f Jetzt bei PVO International erh\u00e4ltlich!","breadcrumb":{"@id":"https:\/\/www.pvo-int.com\/de\/product\/sofar-powermagic\/#breadcrumb"},"inLanguage":"de","potentialAction":[{"@type":"ReadAction","target":["https:\/\/www.pvo-int.com\/de\/product\/sofar-powermagic\/"]}]},{"@type":"ImageObject","inLanguage":"de","@id":"https:\/\/www.pvo-int.com\/de\/product\/sofar-powermagic\/#primaryimage","url":"https:\/\/www.pvo-int.com\/wp-content\/uploads\/2024\/11\/8180.png","contentUrl":"https:\/\/www.pvo-int.com\/wp-content\/uploads\/2024\/11\/8180.png","width":500,"height":354},{"@type":"BreadcrumbList","@id":"https:\/\/www.pvo-int.com\/de\/product\/sofar-powermagic\/#breadcrumb","itemListElement":[{"@type":"ListItem","position":1,"name":"Home","item":"https:\/\/www.pvo-int.com\/de\/"},{"@type":"ListItem","position":2,"name":"Produkte","item":"https:\/\/www.pvo-int.com\/de\/shop\/"},{"@type":"ListItem","position":3,"name":"SOFAR PowerMagic C&amp;I ESS"}]},{"@type":"WebSite","@id":"https:\/\/www.pvo-int.com\/de\/#website","url":"https:\/\/www.pvo-int.com\/de\/","name":"PVO International","description":"","potentialAction":[{"@type":"SearchAction","target":{"@type":"EntryPoint","urlTemplate":"https:\/\/www.pvo-int.com\/de\/?s={search_term_string}"},"query-input":{"@type":"PropertyValueSpecification","valueRequired":true,"valueName":"search_term_string"}}],"inLanguage":"de"}]}},"_links":{"self":[{"href":"https:\/\/www.pvo-int.com\/de\/wp-json\/wp\/v2\/product\/30476","targetHints":{"allow":["GET"]}}],"collection":[{"href":"https:\/\/www.pvo-int.com\/de\/wp-json\/wp\/v2\/product"}],"about":[{"href":"https:\/\/www.pvo-int.com\/de\/wp-json\/wp\/v2\/types\/product"}],"replies":[{"embeddable":true,"href":"https:\/\/www.pvo-int.com\/de\/wp-json\/wp\/v2\/comments?post=30476"}],"wp:featuredmedia":[{"embeddable":true,"href":"https:\/\/www.pvo-int.com\/de\/wp-json\/wp\/v2\/media\/30381"}],"wp:attachment":[{"href":"https:\/\/www.pvo-int.com\/de\/wp-json\/wp\/v2\/media?parent=30476"}],"wp:term":[{"taxonomy":"product_cat","embeddable":true,"href":"https:\/\/www.pvo-int.com\/de\/wp-json\/wp\/v2\/product_cat?post=30476"},{"taxonomy":"product_tag","embeddable":true,"href":"https:\/\/www.pvo-int.com\/de\/wp-json\/wp\/v2\/product_tag?post=30476"}],"curies":[{"name":"wp","href":"https:\/\/api.w.org\/{rel}","templated":true}]}}