{"id":30105,"date":"2024-11-06T12:08:37","date_gmt":"2024-11-06T12:08:37","guid":{"rendered":"https:\/\/www.pvo-int.com\/product\/blubase-rofast\/"},"modified":"2024-11-07T15:33:11","modified_gmt":"2024-11-07T15:33:11","slug":"blubase-rofast","status":"publish","type":"product","link":"https:\/\/www.pvo-int.com\/de\/product\/blubase-rofast\/","title":{"rendered":"Rofast"},"content":{"rendered":"","protected":false},"excerpt":{"rendered":"<p><strong>Rofast \u2013 F\u00fcr Flachd\u00e4cher<\/strong><\/p>\n<p>Rofast ist das Montagesystem von Blubase f\u00fcr Flachd\u00e4cher, speziell entwickelt f\u00fcr Solarteure. Es besteht aus einer minimalen Anzahl von Komponenten, wird komplett vormontiert geliefert und ist sowohl in einer S\u00fcd- als auch in einer Ost-West-Ausrichtung verf\u00fcgbar.<\/p>\n<p>Das Besondere an Rofast ist die intelligente Rotationskupplung, mit der die Profile miteinander verbunden werden. Diese Kupplung sorgt daf\u00fcr, dass die Montage nur auf eine Weise erfolgen kann \u2013 einfach, superschnell und \u00e4u\u00dferst zuverl\u00e4ssig.<\/p>\n","protected":false},"featured_media":30015,"comment_status":"closed","ping_status":"closed","template":"","meta":{"_acf_changed":false,"content-type":""},"product_cat":[2128],"product_tag":[],"class_list":{"0":"post-30105","1":"product","2":"type-product","3":"status-publish","4":"has-post-thumbnail","6":"product_brand-blubase-de","7":"product_cat-montagesysteme-de","9":"first","10":"instock","11":"shipping-taxable","12":"product-type-simple"},"acf":[],"yoast_head":"<!-- This site is optimized with the Yoast SEO plugin v27.1 - https:\/\/yoast.com\/product\/yoast-seo-wordpress\/ -->\n<title>\u2600\ufe0f Blubase Rofast | Montagesystem f\u00fcr Flachd\u00e4cher<\/title>\n<meta name=\"description\" content=\"Blubase Rofast Montagesystem | F\u00fcr Flachd\u00e4cher | Vormontiert mit einzigartiger Rotationskupplung | Schnelle, zuverl\u00e4ssige Montage | 20 Jahre Garantie.\" \/>\n<meta name=\"robots\" content=\"index, follow, max-snippet:-1, max-image-preview:large, max-video-preview:-1\" \/>\n<link rel=\"canonical\" href=\"https:\/\/www.pvo-int.com\/de\/product\/blubase-rofast\/\" \/>\n<meta property=\"og:locale\" content=\"de_DE\" \/>\n<meta property=\"og:type\" content=\"article\" \/>\n<meta property=\"og:title\" content=\"\u2600\ufe0f Blubase Rofast | Montagesystem f\u00fcr Flachd\u00e4cher\" \/>\n<meta property=\"og:description\" content=\"Blubase Rofast Montagesystem | F\u00fcr Flachd\u00e4cher | Vormontiert mit einzigartiger Rotationskupplung | Schnelle, zuverl\u00e4ssige Montage | 20 Jahre Garantie.\" \/>\n<meta property=\"og:url\" content=\"https:\/\/www.pvo-int.com\/de\/product\/blubase-rofast\/\" \/>\n<meta property=\"og:site_name\" content=\"PVO International\" \/>\n<meta property=\"article:modified_time\" content=\"2024-11-07T15:33:11+00:00\" \/>\n<meta property=\"og:image\" content=\"https:\/\/www.pvo-int.com\/wp-content\/uploads\/2024\/11\/frame_0006_rofast-1024x576.png\" \/>\n\t<meta property=\"og:image:width\" content=\"1024\" \/>\n\t<meta property=\"og:image:height\" content=\"576\" \/>\n\t<meta property=\"og:image:type\" content=\"image\/png\" \/>\n<meta name=\"twitter:card\" content=\"summary_large_image\" \/>\n<meta name=\"twitter:label1\" content=\"Gesch\u00e4tzte Lesezeit\" \/>\n\t<meta name=\"twitter:data1\" content=\"1\u00a0Minute\" \/>\n<script type=\"application\/ld+json\" class=\"yoast-schema-graph\">{\"@context\":\"https:\/\/schema.org\",\"@graph\":[{\"@type\":\"WebPage\",\"@id\":\"https:\/\/www.pvo-int.com\/de\/product\/blubase-rofast\/\",\"url\":\"https:\/\/www.pvo-int.com\/de\/product\/blubase-rofast\/\",\"name\":\"\u2600\ufe0f Blubase Rofast | Montagesystem f\u00fcr Flachd\u00e4cher\",\"isPartOf\":{\"@id\":\"https:\/\/www.pvo-int.com\/de\/#website\"},\"primaryImageOfPage\":{\"@id\":\"https:\/\/www.pvo-int.com\/de\/product\/blubase-rofast\/#primaryimage\"},\"image\":{\"@id\":\"https:\/\/www.pvo-int.com\/de\/product\/blubase-rofast\/#primaryimage\"},\"thumbnailUrl\":\"https:\/\/www.pvo-int.com\/wp-content\/uploads\/2024\/11\/frame_0006_rofast.png\",\"datePublished\":\"2024-11-06T12:08:37+00:00\",\"dateModified\":\"2024-11-07T15:33:11+00:00\",\"description\":\"Blubase Rofast Montagesystem | F\u00fcr Flachd\u00e4cher | Vormontiert mit einzigartiger Rotationskupplung | Schnelle, zuverl\u00e4ssige Montage | 20 Jahre Garantie.\",\"breadcrumb\":{\"@id\":\"https:\/\/www.pvo-int.com\/de\/product\/blubase-rofast\/#breadcrumb\"},\"inLanguage\":\"de\",\"potentialAction\":[{\"@type\":\"ReadAction\",\"target\":[\"https:\/\/www.pvo-int.com\/de\/product\/blubase-rofast\/\"]}]},{\"@type\":\"ImageObject\",\"inLanguage\":\"de\",\"@id\":\"https:\/\/www.pvo-int.com\/de\/product\/blubase-rofast\/#primaryimage\",\"url\":\"https:\/\/www.pvo-int.com\/wp-content\/uploads\/2024\/11\/frame_0006_rofast.png\",\"contentUrl\":\"https:\/\/www.pvo-int.com\/wp-content\/uploads\/2024\/11\/frame_0006_rofast.png\",\"width\":2560,\"height\":1440},{\"@type\":\"BreadcrumbList\",\"@id\":\"https:\/\/www.pvo-int.com\/de\/product\/blubase-rofast\/#breadcrumb\",\"itemListElement\":[{\"@type\":\"ListItem\",\"position\":1,\"name\":\"Home\",\"item\":\"https:\/\/www.pvo-int.com\/de\/\"},{\"@type\":\"ListItem\",\"position\":2,\"name\":\"Produkte\",\"item\":\"https:\/\/www.pvo-int.com\/de\/shop\/\"},{\"@type\":\"ListItem\",\"position\":3,\"name\":\"Rofast\"}]},{\"@type\":\"WebSite\",\"@id\":\"https:\/\/www.pvo-int.com\/de\/#website\",\"url\":\"https:\/\/www.pvo-int.com\/de\/\",\"name\":\"PVO International\",\"description\":\"\",\"potentialAction\":[{\"@type\":\"SearchAction\",\"target\":{\"@type\":\"EntryPoint\",\"urlTemplate\":\"https:\/\/www.pvo-int.com\/de\/?s={search_term_string}\"},\"query-input\":{\"@type\":\"PropertyValueSpecification\",\"valueRequired\":true,\"valueName\":\"search_term_string\"}}],\"inLanguage\":\"de\"}]}<\/script>\n<!-- \/ Yoast SEO plugin. -->","yoast_head_json":{"title":"\u2600\ufe0f Blubase Rofast | Montagesystem f\u00fcr Flachd\u00e4cher","description":"Blubase Rofast Montagesystem | F\u00fcr Flachd\u00e4cher | Vormontiert mit einzigartiger Rotationskupplung | Schnelle, zuverl\u00e4ssige Montage | 20 Jahre Garantie.","robots":{"index":"index","follow":"follow","max-snippet":"max-snippet:-1","max-image-preview":"max-image-preview:large","max-video-preview":"max-video-preview:-1"},"canonical":"https:\/\/www.pvo-int.com\/de\/product\/blubase-rofast\/","og_locale":"de_DE","og_type":"article","og_title":"\u2600\ufe0f Blubase Rofast | Montagesystem f\u00fcr Flachd\u00e4cher","og_description":"Blubase Rofast Montagesystem | F\u00fcr Flachd\u00e4cher | Vormontiert mit einzigartiger Rotationskupplung | Schnelle, zuverl\u00e4ssige Montage | 20 Jahre Garantie.","og_url":"https:\/\/www.pvo-int.com\/de\/product\/blubase-rofast\/","og_site_name":"PVO International","article_modified_time":"2024-11-07T15:33:11+00:00","og_image":[{"width":1024,"height":576,"url":"https:\/\/www.pvo-int.com\/wp-content\/uploads\/2024\/11\/frame_0006_rofast-1024x576.png","type":"image\/png"}],"twitter_card":"summary_large_image","twitter_misc":{"Gesch\u00e4tzte Lesezeit":"1\u00a0Minute"},"schema":{"@context":"https:\/\/schema.org","@graph":[{"@type":"WebPage","@id":"https:\/\/www.pvo-int.com\/de\/product\/blubase-rofast\/","url":"https:\/\/www.pvo-int.com\/de\/product\/blubase-rofast\/","name":"\u2600\ufe0f Blubase Rofast | Montagesystem f\u00fcr Flachd\u00e4cher","isPartOf":{"@id":"https:\/\/www.pvo-int.com\/de\/#website"},"primaryImageOfPage":{"@id":"https:\/\/www.pvo-int.com\/de\/product\/blubase-rofast\/#primaryimage"},"image":{"@id":"https:\/\/www.pvo-int.com\/de\/product\/blubase-rofast\/#primaryimage"},"thumbnailUrl":"https:\/\/www.pvo-int.com\/wp-content\/uploads\/2024\/11\/frame_0006_rofast.png","datePublished":"2024-11-06T12:08:37+00:00","dateModified":"2024-11-07T15:33:11+00:00","description":"Blubase Rofast Montagesystem | F\u00fcr Flachd\u00e4cher | Vormontiert mit einzigartiger Rotationskupplung | Schnelle, zuverl\u00e4ssige Montage | 20 Jahre Garantie.","breadcrumb":{"@id":"https:\/\/www.pvo-int.com\/de\/product\/blubase-rofast\/#breadcrumb"},"inLanguage":"de","potentialAction":[{"@type":"ReadAction","target":["https:\/\/www.pvo-int.com\/de\/product\/blubase-rofast\/"]}]},{"@type":"ImageObject","inLanguage":"de","@id":"https:\/\/www.pvo-int.com\/de\/product\/blubase-rofast\/#primaryimage","url":"https:\/\/www.pvo-int.com\/wp-content\/uploads\/2024\/11\/frame_0006_rofast.png","contentUrl":"https:\/\/www.pvo-int.com\/wp-content\/uploads\/2024\/11\/frame_0006_rofast.png","width":2560,"height":1440},{"@type":"BreadcrumbList","@id":"https:\/\/www.pvo-int.com\/de\/product\/blubase-rofast\/#breadcrumb","itemListElement":[{"@type":"ListItem","position":1,"name":"Home","item":"https:\/\/www.pvo-int.com\/de\/"},{"@type":"ListItem","position":2,"name":"Produkte","item":"https:\/\/www.pvo-int.com\/de\/shop\/"},{"@type":"ListItem","position":3,"name":"Rofast"}]},{"@type":"WebSite","@id":"https:\/\/www.pvo-int.com\/de\/#website","url":"https:\/\/www.pvo-int.com\/de\/","name":"PVO International","description":"","potentialAction":[{"@type":"SearchAction","target":{"@type":"EntryPoint","urlTemplate":"https:\/\/www.pvo-int.com\/de\/?s={search_term_string}"},"query-input":{"@type":"PropertyValueSpecification","valueRequired":true,"valueName":"search_term_string"}}],"inLanguage":"de"}]}},"_links":{"self":[{"href":"https:\/\/www.pvo-int.com\/de\/wp-json\/wp\/v2\/product\/30105","targetHints":{"allow":["GET"]}}],"collection":[{"href":"https:\/\/www.pvo-int.com\/de\/wp-json\/wp\/v2\/product"}],"about":[{"href":"https:\/\/www.pvo-int.com\/de\/wp-json\/wp\/v2\/types\/product"}],"replies":[{"embeddable":true,"href":"https:\/\/www.pvo-int.com\/de\/wp-json\/wp\/v2\/comments?post=30105"}],"wp:featuredmedia":[{"embeddable":true,"href":"https:\/\/www.pvo-int.com\/de\/wp-json\/wp\/v2\/media\/30015"}],"wp:attachment":[{"href":"https:\/\/www.pvo-int.com\/de\/wp-json\/wp\/v2\/media?parent=30105"}],"wp:term":[{"taxonomy":"product_cat","embeddable":true,"href":"https:\/\/www.pvo-int.com\/de\/wp-json\/wp\/v2\/product_cat?post=30105"},{"taxonomy":"product_tag","embeddable":true,"href":"https:\/\/www.pvo-int.com\/de\/wp-json\/wp\/v2\/product_tag?post=30105"}],"curies":[{"name":"wp","href":"https:\/\/api.w.org\/{rel}","templated":true}]}}