{"id":27336,"date":"2024-04-17T10:47:01","date_gmt":"2024-04-17T11:01:03","guid":{"rendered":"https:\/\/www.pvo-int.com\/?post_type=product&#038;p=27336"},"modified":"2025-07-11T14:33:36","modified_gmt":"2025-07-11T14:33:36","slug":"tongwei-n-type-full-black","status":"publish","type":"product","link":"https:\/\/www.pvo-int.com\/de\/product\/tongwei-n-type-full-black\/","title":{"rendered":"TONGWEI TWMNH-48HC FULL BLACK MODUL 430-450Wp"},"content":{"rendered":"","protected":false},"excerpt":{"rendered":"<ul>\n<li><strong>Hohe Leistung, niedrige LCOE<\/strong>\n<ul>\n<li>Hocheffiziente Zelle mit fortschrittlicher Verkapselungstechnologie<\/li>\n<li>Branchenf\u00fchrende Modulleistung<\/li>\n<li>Ausgezeichneter Leistungstemperaturkoeffizient -0,3%\/<\/li>\n<\/ul>\n<\/li>\n<li><strong>Hohe Zuverl\u00e4ssigkeit<\/strong>\n<ul>\n<li>Schneiden ohne Zellverlust+Multi-Busbar (MBB)\/Super Multi-Busbar (SMBB) Schwei\u00dftechnologie<\/li>\n<li>Vermeidet effektiv das Risiko von Mikrorissen<\/li>\n<li>Zuverl\u00e4ssige Rahmenkonstruktion<\/li>\n<li>Erf\u00fcllt die Belastungsanforderungen von 5400Pa (vorne) und 2400Pa (hinten)<\/li>\n<li>Einfacher Umgang mit verschiedenen Anwendungsszenarien<\/li>\n<\/ul>\n<\/li>\n<li><strong>Maximale Ausgangsleistung bis zu 450W+<\/strong>\n<ul>\n<li>Maximale Ausgangsleistung des Moduls bis zu 450 W+<\/li>\n<\/ul>\n<\/li>\n<li><strong>Extrem niedrige LID<\/strong>\n<ul>\n<li>1% Degradation im ersten Jahr, 0,4% j\u00e4hrliche Degradation im 2. bis 30. Jahr<\/li>\n<li>Langfristige und stabile Stromerzeugungsertr\u00e4ge f\u00fcr Endkunden sicherstellen<\/li>\n<li>Geringere Degradation durch Anti-PID-Zellen und Verkapselungsmaterialien<\/li>\n<\/ul>\n<\/li>\n<\/ul>\n","protected":false},"featured_media":29447,"comment_status":"closed","ping_status":"closed","template":"","meta":{"_acf_changed":false,"content-type":""},"product_cat":[1237],"product_tag":[],"class_list":{"0":"post-27336","1":"product","2":"type-product","3":"status-publish","4":"has-post-thumbnail","6":"product_brand-tongwei-solar-de","7":"product_cat-solarmodule-de","9":"first","10":"instock","11":"shipping-taxable","12":"product-type-simple"},"acf":[],"yoast_head":"<!-- This site is optimized with the Yoast SEO plugin v27.1 - https:\/\/yoast.com\/product\/yoast-seo-wordpress\/ -->\n<title>TONGWEI TWMNH-48HC FULL BLACK MODUL 430-450Wp - PVO International<\/title>\n<meta name=\"description\" content=\"Tongwei N-Type Full Black - entscheiden Sie sich f\u00fcr hohe Qualit\u00e4t, Zuverl\u00e4ssigkeit und eine maximale Leistung bis zu 450W. Erh\u00e4ltlich bei PVO International\" \/>\n<meta name=\"robots\" content=\"index, follow, max-snippet:-1, max-image-preview:large, max-video-preview:-1\" \/>\n<link rel=\"canonical\" href=\"https:\/\/www.pvo-int.com\/de\/product\/tongwei-n-type-full-black\/\" \/>\n<meta property=\"og:locale\" content=\"de_DE\" \/>\n<meta property=\"og:type\" content=\"article\" \/>\n<meta property=\"og:title\" content=\"TONGWEI TWMNH-48HC FULL BLACK MODUL 430-450Wp - PVO International\" \/>\n<meta property=\"og:description\" content=\"Tongwei N-Type Full Black - entscheiden Sie sich f\u00fcr hohe Qualit\u00e4t, Zuverl\u00e4ssigkeit und eine maximale Leistung bis zu 450W. Erh\u00e4ltlich bei PVO International\" \/>\n<meta property=\"og:url\" content=\"https:\/\/www.pvo-int.com\/de\/product\/tongwei-n-type-full-black\/\" \/>\n<meta property=\"og:site_name\" content=\"PVO International\" \/>\n<meta property=\"article:modified_time\" content=\"2025-07-11T14:33:36+00:00\" \/>\n<meta property=\"og:image\" content=\"https:\/\/www.pvo-int.com\/wp-content\/uploads\/2024\/04\/resized_TWMNH-48HC_45_degree-512x1024.png\" \/>\n\t<meta property=\"og:image:width\" content=\"512\" \/>\n\t<meta property=\"og:image:height\" content=\"1024\" \/>\n\t<meta property=\"og:image:type\" content=\"image\/png\" \/>\n<meta name=\"twitter:card\" content=\"summary_large_image\" \/>\n<meta name=\"twitter:label1\" content=\"Gesch\u00e4tzte Lesezeit\" \/>\n\t<meta name=\"twitter:data1\" content=\"1\u00a0Minute\" \/>\n<script type=\"application\/ld+json\" class=\"yoast-schema-graph\">{\"@context\":\"https:\/\/schema.org\",\"@graph\":[{\"@type\":\"WebPage\",\"@id\":\"https:\/\/www.pvo-int.com\/de\/product\/tongwei-n-type-full-black\/\",\"url\":\"https:\/\/www.pvo-int.com\/de\/product\/tongwei-n-type-full-black\/\",\"name\":\"TONGWEI TWMNH-48HC FULL BLACK MODUL 430-450Wp - PVO International\",\"isPartOf\":{\"@id\":\"https:\/\/www.pvo-int.com\/de\/#website\"},\"primaryImageOfPage\":{\"@id\":\"https:\/\/www.pvo-int.com\/de\/product\/tongwei-n-type-full-black\/#primaryimage\"},\"image\":{\"@id\":\"https:\/\/www.pvo-int.com\/de\/product\/tongwei-n-type-full-black\/#primaryimage\"},\"thumbnailUrl\":\"https:\/\/www.pvo-int.com\/wp-content\/uploads\/2024\/04\/resized_TWMNH-48HC_45_degree.png\",\"datePublished\":\"2024-04-17T11:01:03+00:00\",\"dateModified\":\"2025-07-11T14:33:36+00:00\",\"description\":\"Tongwei N-Type Full Black - entscheiden Sie sich f\u00fcr hohe Qualit\u00e4t, Zuverl\u00e4ssigkeit und eine maximale Leistung bis zu 450W. Erh\u00e4ltlich bei PVO International\",\"breadcrumb\":{\"@id\":\"https:\/\/www.pvo-int.com\/de\/product\/tongwei-n-type-full-black\/#breadcrumb\"},\"inLanguage\":\"de\",\"potentialAction\":[{\"@type\":\"ReadAction\",\"target\":[\"https:\/\/www.pvo-int.com\/de\/product\/tongwei-n-type-full-black\/\"]}]},{\"@type\":\"ImageObject\",\"inLanguage\":\"de\",\"@id\":\"https:\/\/www.pvo-int.com\/de\/product\/tongwei-n-type-full-black\/#primaryimage\",\"url\":\"https:\/\/www.pvo-int.com\/wp-content\/uploads\/2024\/04\/resized_TWMNH-48HC_45_degree.png\",\"contentUrl\":\"https:\/\/www.pvo-int.com\/wp-content\/uploads\/2024\/04\/resized_TWMNH-48HC_45_degree.png\",\"width\":1280,\"height\":2560,\"caption\":\"TWMNH-48HC\"},{\"@type\":\"BreadcrumbList\",\"@id\":\"https:\/\/www.pvo-int.com\/de\/product\/tongwei-n-type-full-black\/#breadcrumb\",\"itemListElement\":[{\"@type\":\"ListItem\",\"position\":1,\"name\":\"Home\",\"item\":\"https:\/\/www.pvo-int.com\/de\/\"},{\"@type\":\"ListItem\",\"position\":2,\"name\":\"Produkte\",\"item\":\"https:\/\/www.pvo-int.com\/de\/shop\/\"},{\"@type\":\"ListItem\",\"position\":3,\"name\":\"TONGWEI TWMNH-48HC FULL BLACK MODUL 430-450Wp\"}]},{\"@type\":\"WebSite\",\"@id\":\"https:\/\/www.pvo-int.com\/de\/#website\",\"url\":\"https:\/\/www.pvo-int.com\/de\/\",\"name\":\"PVO International\",\"description\":\"\",\"potentialAction\":[{\"@type\":\"SearchAction\",\"target\":{\"@type\":\"EntryPoint\",\"urlTemplate\":\"https:\/\/www.pvo-int.com\/de\/?s={search_term_string}\"},\"query-input\":{\"@type\":\"PropertyValueSpecification\",\"valueRequired\":true,\"valueName\":\"search_term_string\"}}],\"inLanguage\":\"de\"}]}<\/script>\n<!-- \/ Yoast SEO plugin. -->","yoast_head_json":{"title":"TONGWEI TWMNH-48HC FULL BLACK MODUL 430-450Wp - PVO International","description":"Tongwei N-Type Full Black - entscheiden Sie sich f\u00fcr hohe Qualit\u00e4t, Zuverl\u00e4ssigkeit und eine maximale Leistung bis zu 450W. Erh\u00e4ltlich bei PVO International","robots":{"index":"index","follow":"follow","max-snippet":"max-snippet:-1","max-image-preview":"max-image-preview:large","max-video-preview":"max-video-preview:-1"},"canonical":"https:\/\/www.pvo-int.com\/de\/product\/tongwei-n-type-full-black\/","og_locale":"de_DE","og_type":"article","og_title":"TONGWEI TWMNH-48HC FULL BLACK MODUL 430-450Wp - PVO International","og_description":"Tongwei N-Type Full Black - entscheiden Sie sich f\u00fcr hohe Qualit\u00e4t, Zuverl\u00e4ssigkeit und eine maximale Leistung bis zu 450W. Erh\u00e4ltlich bei PVO International","og_url":"https:\/\/www.pvo-int.com\/de\/product\/tongwei-n-type-full-black\/","og_site_name":"PVO International","article_modified_time":"2025-07-11T14:33:36+00:00","og_image":[{"width":512,"height":1024,"url":"https:\/\/www.pvo-int.com\/wp-content\/uploads\/2024\/04\/resized_TWMNH-48HC_45_degree-512x1024.png","type":"image\/png"}],"twitter_card":"summary_large_image","twitter_misc":{"Gesch\u00e4tzte Lesezeit":"1\u00a0Minute"},"schema":{"@context":"https:\/\/schema.org","@graph":[{"@type":"WebPage","@id":"https:\/\/www.pvo-int.com\/de\/product\/tongwei-n-type-full-black\/","url":"https:\/\/www.pvo-int.com\/de\/product\/tongwei-n-type-full-black\/","name":"TONGWEI TWMNH-48HC FULL BLACK MODUL 430-450Wp - PVO International","isPartOf":{"@id":"https:\/\/www.pvo-int.com\/de\/#website"},"primaryImageOfPage":{"@id":"https:\/\/www.pvo-int.com\/de\/product\/tongwei-n-type-full-black\/#primaryimage"},"image":{"@id":"https:\/\/www.pvo-int.com\/de\/product\/tongwei-n-type-full-black\/#primaryimage"},"thumbnailUrl":"https:\/\/www.pvo-int.com\/wp-content\/uploads\/2024\/04\/resized_TWMNH-48HC_45_degree.png","datePublished":"2024-04-17T11:01:03+00:00","dateModified":"2025-07-11T14:33:36+00:00","description":"Tongwei N-Type Full Black - entscheiden Sie sich f\u00fcr hohe Qualit\u00e4t, Zuverl\u00e4ssigkeit und eine maximale Leistung bis zu 450W. Erh\u00e4ltlich bei PVO International","breadcrumb":{"@id":"https:\/\/www.pvo-int.com\/de\/product\/tongwei-n-type-full-black\/#breadcrumb"},"inLanguage":"de","potentialAction":[{"@type":"ReadAction","target":["https:\/\/www.pvo-int.com\/de\/product\/tongwei-n-type-full-black\/"]}]},{"@type":"ImageObject","inLanguage":"de","@id":"https:\/\/www.pvo-int.com\/de\/product\/tongwei-n-type-full-black\/#primaryimage","url":"https:\/\/www.pvo-int.com\/wp-content\/uploads\/2024\/04\/resized_TWMNH-48HC_45_degree.png","contentUrl":"https:\/\/www.pvo-int.com\/wp-content\/uploads\/2024\/04\/resized_TWMNH-48HC_45_degree.png","width":1280,"height":2560,"caption":"TWMNH-48HC"},{"@type":"BreadcrumbList","@id":"https:\/\/www.pvo-int.com\/de\/product\/tongwei-n-type-full-black\/#breadcrumb","itemListElement":[{"@type":"ListItem","position":1,"name":"Home","item":"https:\/\/www.pvo-int.com\/de\/"},{"@type":"ListItem","position":2,"name":"Produkte","item":"https:\/\/www.pvo-int.com\/de\/shop\/"},{"@type":"ListItem","position":3,"name":"TONGWEI TWMNH-48HC FULL BLACK MODUL 430-450Wp"}]},{"@type":"WebSite","@id":"https:\/\/www.pvo-int.com\/de\/#website","url":"https:\/\/www.pvo-int.com\/de\/","name":"PVO International","description":"","potentialAction":[{"@type":"SearchAction","target":{"@type":"EntryPoint","urlTemplate":"https:\/\/www.pvo-int.com\/de\/?s={search_term_string}"},"query-input":{"@type":"PropertyValueSpecification","valueRequired":true,"valueName":"search_term_string"}}],"inLanguage":"de"}]}},"_links":{"self":[{"href":"https:\/\/www.pvo-int.com\/de\/wp-json\/wp\/v2\/product\/27336","targetHints":{"allow":["GET"]}}],"collection":[{"href":"https:\/\/www.pvo-int.com\/de\/wp-json\/wp\/v2\/product"}],"about":[{"href":"https:\/\/www.pvo-int.com\/de\/wp-json\/wp\/v2\/types\/product"}],"replies":[{"embeddable":true,"href":"https:\/\/www.pvo-int.com\/de\/wp-json\/wp\/v2\/comments?post=27336"}],"wp:featuredmedia":[{"embeddable":true,"href":"https:\/\/www.pvo-int.com\/de\/wp-json\/wp\/v2\/media\/29447"}],"wp:attachment":[{"href":"https:\/\/www.pvo-int.com\/de\/wp-json\/wp\/v2\/media?parent=27336"}],"wp:term":[{"taxonomy":"product_cat","embeddable":true,"href":"https:\/\/www.pvo-int.com\/de\/wp-json\/wp\/v2\/product_cat?post=27336"},{"taxonomy":"product_tag","embeddable":true,"href":"https:\/\/www.pvo-int.com\/de\/wp-json\/wp\/v2\/product_tag?post=27336"}],"curies":[{"name":"wp","href":"https:\/\/api.w.org\/{rel}","templated":true}]}}