{"id":8999,"date":"2020-09-09T14:31:27","date_gmt":"2020-09-09T14:31:27","guid":{"rendered":"https:\/\/www.pvo-int.com\/?page_id=8999"},"modified":"2024-10-15T07:15:24","modified_gmt":"2024-10-15T07:15:24","slug":"steckverbinder","status":"publish","type":"page","link":"https:\/\/www.pvo-int.com\/de\/steckverbinder\/","title":{"rendered":"Steckverbinder"},"content":{"rendered":"","protected":false},"excerpt":{"rendered":"","protected":false},"author":9,"featured_media":9002,"parent":0,"menu_order":194,"comment_status":"closed","ping_status":"closed","template":"page-product-overzicht.php","meta":{"_acf_changed":false,"content-type":"","footnotes":""},"class_list":["post-8999","page","type-page","status-publish","has-post-thumbnail","hentry"],"acf":[],"yoast_head":"<!-- This site is optimized with the Yoast SEO plugin v27.1 - https:\/\/yoast.com\/product\/yoast-seo-wordpress\/ -->\n<title>\u2600\ufe0f Steckverbinder | Optimales Kabelmanagement f\u00fcr Solaranlagen<\/title>\n<meta name=\"description\" content=\"Finden Sie die passenden Steckverbinder f\u00fcr Ihr Projekt: Kompatibilit\u00e4t, Crimpwerkzeug &amp; wasserdichte Verbindungen | Fachkundige Beratung vom PVO-Team | \u27a1\ufe0f Jetzt informieren!\" \/>\n<meta name=\"robots\" content=\"index, follow, max-snippet:-1, max-image-preview:large, max-video-preview:-1\" \/>\n<link rel=\"canonical\" href=\"https:\/\/www.pvo-int.com\/de\/steckverbinder\/\" \/>\n<meta property=\"og:locale\" content=\"de_DE\" \/>\n<meta property=\"og:type\" content=\"article\" \/>\n<meta property=\"og:title\" content=\"\u2600\ufe0f Steckverbinder | Optimales Kabelmanagement f\u00fcr Solaranlagen\" \/>\n<meta property=\"og:description\" content=\"Finden Sie die passenden Steckverbinder f\u00fcr Ihr Projekt: Kompatibilit\u00e4t, Crimpwerkzeug &amp; wasserdichte Verbindungen | Fachkundige Beratung vom PVO-Team | \u27a1\ufe0f Jetzt informieren!\" \/>\n<meta property=\"og:url\" content=\"https:\/\/www.pvo-int.com\/de\/steckverbinder\/\" \/>\n<meta property=\"og:site_name\" content=\"PVO International\" \/>\n<meta property=\"article:modified_time\" content=\"2024-10-15T07:15:24+00:00\" \/>\n<meta property=\"og:image\" content=\"https:\/\/www.pvo-int.com\/wp-content\/uploads\/2019\/11\/Connector.jpg\" \/>\n\t<meta property=\"og:image:width\" content=\"403\" \/>\n\t<meta property=\"og:image:height\" content=\"400\" \/>\n\t<meta property=\"og:image:type\" content=\"image\/jpeg\" \/>\n<meta name=\"twitter:card\" content=\"summary_large_image\" \/>\n<meta name=\"twitter:label1\" content=\"Gesch\u00e4tzte Lesezeit\" \/>\n\t<meta name=\"twitter:data1\" content=\"1\u00a0Minute\" \/>\n<script type=\"application\/ld+json\" class=\"yoast-schema-graph\">{\"@context\":\"https:\/\/schema.org\",\"@graph\":[{\"@type\":\"WebPage\",\"@id\":\"https:\/\/www.pvo-int.com\/de\/steckverbinder\/\",\"url\":\"https:\/\/www.pvo-int.com\/de\/steckverbinder\/\",\"name\":\"\u2600\ufe0f Steckverbinder | Optimales Kabelmanagement f\u00fcr Solaranlagen\",\"isPartOf\":{\"@id\":\"https:\/\/www.pvo-int.com\/de\/#website\"},\"primaryImageOfPage\":{\"@id\":\"https:\/\/www.pvo-int.com\/de\/steckverbinder\/#primaryimage\"},\"image\":{\"@id\":\"https:\/\/www.pvo-int.com\/de\/steckverbinder\/#primaryimage\"},\"thumbnailUrl\":\"https:\/\/www.pvo-int.com\/wp-content\/uploads\/2019\/11\/Connector.jpg\",\"datePublished\":\"2020-09-09T14:31:27+00:00\",\"dateModified\":\"2024-10-15T07:15:24+00:00\",\"description\":\"Finden Sie die passenden Steckverbinder f\u00fcr Ihr Projekt: Kompatibilit\u00e4t, Crimpwerkzeug & wasserdichte Verbindungen | Fachkundige Beratung vom PVO-Team | \u27a1\ufe0f Jetzt informieren!\",\"breadcrumb\":{\"@id\":\"https:\/\/www.pvo-int.com\/de\/steckverbinder\/#breadcrumb\"},\"inLanguage\":\"de\",\"potentialAction\":[{\"@type\":\"ReadAction\",\"target\":[\"https:\/\/www.pvo-int.com\/de\/steckverbinder\/\"]}]},{\"@type\":\"ImageObject\",\"inLanguage\":\"de\",\"@id\":\"https:\/\/www.pvo-int.com\/de\/steckverbinder\/#primaryimage\",\"url\":\"https:\/\/www.pvo-int.com\/wp-content\/uploads\/2019\/11\/Connector.jpg\",\"contentUrl\":\"https:\/\/www.pvo-int.com\/wp-content\/uploads\/2019\/11\/Connector.jpg\",\"width\":403,\"height\":400},{\"@type\":\"BreadcrumbList\",\"@id\":\"https:\/\/www.pvo-int.com\/de\/steckverbinder\/#breadcrumb\",\"itemListElement\":[{\"@type\":\"ListItem\",\"position\":1,\"name\":\"Home\",\"item\":\"https:\/\/www.pvo-int.com\/de\/\"},{\"@type\":\"ListItem\",\"position\":2,\"name\":\"Steckverbinder\"}]},{\"@type\":\"WebSite\",\"@id\":\"https:\/\/www.pvo-int.com\/de\/#website\",\"url\":\"https:\/\/www.pvo-int.com\/de\/\",\"name\":\"PVO International\",\"description\":\"\",\"potentialAction\":[{\"@type\":\"SearchAction\",\"target\":{\"@type\":\"EntryPoint\",\"urlTemplate\":\"https:\/\/www.pvo-int.com\/de\/?s={search_term_string}\"},\"query-input\":{\"@type\":\"PropertyValueSpecification\",\"valueRequired\":true,\"valueName\":\"search_term_string\"}}],\"inLanguage\":\"de\"}]}<\/script>\n<!-- \/ Yoast SEO plugin. -->","yoast_head_json":{"title":"\u2600\ufe0f Steckverbinder | Optimales Kabelmanagement f\u00fcr Solaranlagen","description":"Finden Sie die passenden Steckverbinder f\u00fcr Ihr Projekt: Kompatibilit\u00e4t, Crimpwerkzeug & wasserdichte Verbindungen | Fachkundige Beratung vom PVO-Team | \u27a1\ufe0f Jetzt informieren!","robots":{"index":"index","follow":"follow","max-snippet":"max-snippet:-1","max-image-preview":"max-image-preview:large","max-video-preview":"max-video-preview:-1"},"canonical":"https:\/\/www.pvo-int.com\/de\/steckverbinder\/","og_locale":"de_DE","og_type":"article","og_title":"\u2600\ufe0f Steckverbinder | Optimales Kabelmanagement f\u00fcr Solaranlagen","og_description":"Finden Sie die passenden Steckverbinder f\u00fcr Ihr Projekt: Kompatibilit\u00e4t, Crimpwerkzeug & wasserdichte Verbindungen | Fachkundige Beratung vom PVO-Team | \u27a1\ufe0f Jetzt informieren!","og_url":"https:\/\/www.pvo-int.com\/de\/steckverbinder\/","og_site_name":"PVO International","article_modified_time":"2024-10-15T07:15:24+00:00","og_image":[{"width":403,"height":400,"url":"https:\/\/www.pvo-int.com\/wp-content\/uploads\/2019\/11\/Connector.jpg","type":"image\/jpeg"}],"twitter_card":"summary_large_image","twitter_misc":{"Gesch\u00e4tzte Lesezeit":"1\u00a0Minute"},"schema":{"@context":"https:\/\/schema.org","@graph":[{"@type":"WebPage","@id":"https:\/\/www.pvo-int.com\/de\/steckverbinder\/","url":"https:\/\/www.pvo-int.com\/de\/steckverbinder\/","name":"\u2600\ufe0f Steckverbinder | Optimales Kabelmanagement f\u00fcr Solaranlagen","isPartOf":{"@id":"https:\/\/www.pvo-int.com\/de\/#website"},"primaryImageOfPage":{"@id":"https:\/\/www.pvo-int.com\/de\/steckverbinder\/#primaryimage"},"image":{"@id":"https:\/\/www.pvo-int.com\/de\/steckverbinder\/#primaryimage"},"thumbnailUrl":"https:\/\/www.pvo-int.com\/wp-content\/uploads\/2019\/11\/Connector.jpg","datePublished":"2020-09-09T14:31:27+00:00","dateModified":"2024-10-15T07:15:24+00:00","description":"Finden Sie die passenden Steckverbinder f\u00fcr Ihr Projekt: Kompatibilit\u00e4t, Crimpwerkzeug & wasserdichte Verbindungen | Fachkundige Beratung vom PVO-Team | \u27a1\ufe0f Jetzt informieren!","breadcrumb":{"@id":"https:\/\/www.pvo-int.com\/de\/steckverbinder\/#breadcrumb"},"inLanguage":"de","potentialAction":[{"@type":"ReadAction","target":["https:\/\/www.pvo-int.com\/de\/steckverbinder\/"]}]},{"@type":"ImageObject","inLanguage":"de","@id":"https:\/\/www.pvo-int.com\/de\/steckverbinder\/#primaryimage","url":"https:\/\/www.pvo-int.com\/wp-content\/uploads\/2019\/11\/Connector.jpg","contentUrl":"https:\/\/www.pvo-int.com\/wp-content\/uploads\/2019\/11\/Connector.jpg","width":403,"height":400},{"@type":"BreadcrumbList","@id":"https:\/\/www.pvo-int.com\/de\/steckverbinder\/#breadcrumb","itemListElement":[{"@type":"ListItem","position":1,"name":"Home","item":"https:\/\/www.pvo-int.com\/de\/"},{"@type":"ListItem","position":2,"name":"Steckverbinder"}]},{"@type":"WebSite","@id":"https:\/\/www.pvo-int.com\/de\/#website","url":"https:\/\/www.pvo-int.com\/de\/","name":"PVO International","description":"","potentialAction":[{"@type":"SearchAction","target":{"@type":"EntryPoint","urlTemplate":"https:\/\/www.pvo-int.com\/de\/?s={search_term_string}"},"query-input":{"@type":"PropertyValueSpecification","valueRequired":true,"valueName":"search_term_string"}}],"inLanguage":"de"}]}},"_links":{"self":[{"href":"https:\/\/www.pvo-int.com\/de\/wp-json\/wp\/v2\/pages\/8999","targetHints":{"allow":["GET"]}}],"collection":[{"href":"https:\/\/www.pvo-int.com\/de\/wp-json\/wp\/v2\/pages"}],"about":[{"href":"https:\/\/www.pvo-int.com\/de\/wp-json\/wp\/v2\/types\/page"}],"author":[{"embeddable":true,"href":"https:\/\/www.pvo-int.com\/de\/wp-json\/wp\/v2\/users\/9"}],"replies":[{"embeddable":true,"href":"https:\/\/www.pvo-int.com\/de\/wp-json\/wp\/v2\/comments?post=8999"}],"version-history":[{"count":3,"href":"https:\/\/www.pvo-int.com\/de\/wp-json\/wp\/v2\/pages\/8999\/revisions"}],"predecessor-version":[{"id":9005,"href":"https:\/\/www.pvo-int.com\/de\/wp-json\/wp\/v2\/pages\/8999\/revisions\/9005"}],"wp:featuredmedia":[{"embeddable":true,"href":"https:\/\/www.pvo-int.com\/de\/wp-json\/wp\/v2\/media\/9002"}],"wp:attachment":[{"href":"https:\/\/www.pvo-int.com\/de\/wp-json\/wp\/v2\/media?parent=8999"}],"curies":[{"name":"wp","href":"https:\/\/api.w.org\/{rel}","templated":true}]}}