{"id":29117,"date":"2024-08-29T08:23:56","date_gmt":"2024-08-29T08:23:56","guid":{"rendered":"https:\/\/www.pvo-int.com\/ihr-partner-fuer-hochwertige-energiespeicherloesungen-pvo-international\/trina-storage\/"},"modified":"2025-10-16T07:39:58","modified_gmt":"2025-10-16T07:39:58","slug":"trina-storage","status":"publish","type":"page","link":"https:\/\/www.pvo-int.com\/de\/ihr-partner-fuer-hochwertige-energiespeicherloesungen-pvo-international\/trina-storage\/","title":{"rendered":"Trina"},"content":{"rendered":"","protected":false},"excerpt":{"rendered":"","protected":false},"author":9,"featured_media":0,"parent":17900,"menu_order":0,"comment_status":"closed","ping_status":"closed","template":"page-landingspagina.php","meta":{"_acf_changed":false,"content-type":"","footnotes":""},"class_list":["post-29117","page","type-page","status-publish","hentry"],"acf":[],"yoast_head":"<!-- This site is optimized with the Yoast SEO plugin v27.1 - https:\/\/yoast.com\/product\/yoast-seo-wordpress\/ -->\n<title>\u2600\ufe0f Trina Speicherl\u00f6sungen | Zuverl\u00e4ssige, skalierbare Energiespeicherung<\/title>\n<meta name=\"description\" content=\"Trina Speicherl\u00f6sungen bieten 10 Jahre Garantie und technische Unterst\u00fctzung und Schulungen | Zuverl\u00e4ssig und skalierbar | Profitieren Sie von PVO&#039;s optimalen Einkaufskonditionen \u27a1\ufe0f Jetzt informieren!\" \/>\n<meta name=\"robots\" content=\"index, follow, max-snippet:-1, max-image-preview:large, max-video-preview:-1\" \/>\n<link rel=\"canonical\" href=\"https:\/\/www.pvo-int.com\/de\/ihr-partner-fuer-hochwertige-energiespeicherloesungen-pvo-international\/trina-storage\/\" \/>\n<meta property=\"og:locale\" content=\"de_DE\" \/>\n<meta property=\"og:type\" content=\"article\" \/>\n<meta property=\"og:title\" content=\"\u2600\ufe0f Trina Speicherl\u00f6sungen | Zuverl\u00e4ssige, skalierbare Energiespeicherung\" \/>\n<meta property=\"og:description\" content=\"Trina Speicherl\u00f6sungen bieten 10 Jahre Garantie und technische Unterst\u00fctzung und Schulungen | Zuverl\u00e4ssig und skalierbar | Profitieren Sie von PVO&#039;s optimalen Einkaufskonditionen \u27a1\ufe0f Jetzt informieren!\" \/>\n<meta property=\"og:url\" content=\"https:\/\/www.pvo-int.com\/de\/ihr-partner-fuer-hochwertige-energiespeicherloesungen-pvo-international\/trina-storage\/\" \/>\n<meta property=\"og:site_name\" content=\"PVO International\" \/>\n<meta property=\"article:modified_time\" content=\"2025-10-16T07:39:58+00:00\" \/>\n<meta name=\"twitter:card\" content=\"summary_large_image\" \/>\n<script type=\"application\/ld+json\" class=\"yoast-schema-graph\">{\"@context\":\"https:\/\/schema.org\",\"@graph\":[{\"@type\":\"WebPage\",\"@id\":\"https:\/\/www.pvo-int.com\/de\/ihr-partner-fuer-hochwertige-energiespeicherloesungen-pvo-international\/trina-storage\/\",\"url\":\"https:\/\/www.pvo-int.com\/de\/ihr-partner-fuer-hochwertige-energiespeicherloesungen-pvo-international\/trina-storage\/\",\"name\":\"\u2600\ufe0f Trina Speicherl\u00f6sungen | Zuverl\u00e4ssige, skalierbare Energiespeicherung\",\"isPartOf\":{\"@id\":\"https:\/\/www.pvo-int.com\/de\/#website\"},\"datePublished\":\"2024-08-29T08:23:56+00:00\",\"dateModified\":\"2025-10-16T07:39:58+00:00\",\"description\":\"Trina Speicherl\u00f6sungen bieten 10 Jahre Garantie und technische Unterst\u00fctzung und Schulungen | Zuverl\u00e4ssig und skalierbar | Profitieren Sie von PVO's optimalen Einkaufskonditionen \u27a1\ufe0f Jetzt informieren!\",\"breadcrumb\":{\"@id\":\"https:\/\/www.pvo-int.com\/de\/ihr-partner-fuer-hochwertige-energiespeicherloesungen-pvo-international\/trina-storage\/#breadcrumb\"},\"inLanguage\":\"de\",\"potentialAction\":[{\"@type\":\"ReadAction\",\"target\":[\"https:\/\/www.pvo-int.com\/de\/ihr-partner-fuer-hochwertige-energiespeicherloesungen-pvo-international\/trina-storage\/\"]}]},{\"@type\":\"BreadcrumbList\",\"@id\":\"https:\/\/www.pvo-int.com\/de\/ihr-partner-fuer-hochwertige-energiespeicherloesungen-pvo-international\/trina-storage\/#breadcrumb\",\"itemListElement\":[{\"@type\":\"ListItem\",\"position\":1,\"name\":\"Home\",\"item\":\"https:\/\/www.pvo-int.com\/de\/\"},{\"@type\":\"ListItem\",\"position\":2,\"name\":\"Speicher\",\"item\":\"https:\/\/www.pvo-int.com\/de\/ihr-partner-fuer-hochwertige-energiespeicherloesungen-pvo-international\/\"},{\"@type\":\"ListItem\",\"position\":3,\"name\":\"Trina\"}]},{\"@type\":\"WebSite\",\"@id\":\"https:\/\/www.pvo-int.com\/de\/#website\",\"url\":\"https:\/\/www.pvo-int.com\/de\/\",\"name\":\"PVO International\",\"description\":\"\",\"potentialAction\":[{\"@type\":\"SearchAction\",\"target\":{\"@type\":\"EntryPoint\",\"urlTemplate\":\"https:\/\/www.pvo-int.com\/de\/?s={search_term_string}\"},\"query-input\":{\"@type\":\"PropertyValueSpecification\",\"valueRequired\":true,\"valueName\":\"search_term_string\"}}],\"inLanguage\":\"de\"}]}<\/script>\n<!-- \/ Yoast SEO plugin. -->","yoast_head_json":{"title":"\u2600\ufe0f Trina Speicherl\u00f6sungen | Zuverl\u00e4ssige, skalierbare Energiespeicherung","description":"Trina Speicherl\u00f6sungen bieten 10 Jahre Garantie und technische Unterst\u00fctzung und Schulungen | Zuverl\u00e4ssig und skalierbar | Profitieren Sie von PVO's optimalen Einkaufskonditionen \u27a1\ufe0f Jetzt informieren!","robots":{"index":"index","follow":"follow","max-snippet":"max-snippet:-1","max-image-preview":"max-image-preview:large","max-video-preview":"max-video-preview:-1"},"canonical":"https:\/\/www.pvo-int.com\/de\/ihr-partner-fuer-hochwertige-energiespeicherloesungen-pvo-international\/trina-storage\/","og_locale":"de_DE","og_type":"article","og_title":"\u2600\ufe0f Trina Speicherl\u00f6sungen | Zuverl\u00e4ssige, skalierbare Energiespeicherung","og_description":"Trina Speicherl\u00f6sungen bieten 10 Jahre Garantie und technische Unterst\u00fctzung und Schulungen | Zuverl\u00e4ssig und skalierbar | Profitieren Sie von PVO's optimalen Einkaufskonditionen \u27a1\ufe0f Jetzt informieren!","og_url":"https:\/\/www.pvo-int.com\/de\/ihr-partner-fuer-hochwertige-energiespeicherloesungen-pvo-international\/trina-storage\/","og_site_name":"PVO International","article_modified_time":"2025-10-16T07:39:58+00:00","twitter_card":"summary_large_image","schema":{"@context":"https:\/\/schema.org","@graph":[{"@type":"WebPage","@id":"https:\/\/www.pvo-int.com\/de\/ihr-partner-fuer-hochwertige-energiespeicherloesungen-pvo-international\/trina-storage\/","url":"https:\/\/www.pvo-int.com\/de\/ihr-partner-fuer-hochwertige-energiespeicherloesungen-pvo-international\/trina-storage\/","name":"\u2600\ufe0f Trina Speicherl\u00f6sungen | Zuverl\u00e4ssige, skalierbare Energiespeicherung","isPartOf":{"@id":"https:\/\/www.pvo-int.com\/de\/#website"},"datePublished":"2024-08-29T08:23:56+00:00","dateModified":"2025-10-16T07:39:58+00:00","description":"Trina Speicherl\u00f6sungen bieten 10 Jahre Garantie und technische Unterst\u00fctzung und Schulungen | Zuverl\u00e4ssig und skalierbar | Profitieren Sie von PVO's optimalen Einkaufskonditionen \u27a1\ufe0f Jetzt informieren!","breadcrumb":{"@id":"https:\/\/www.pvo-int.com\/de\/ihr-partner-fuer-hochwertige-energiespeicherloesungen-pvo-international\/trina-storage\/#breadcrumb"},"inLanguage":"de","potentialAction":[{"@type":"ReadAction","target":["https:\/\/www.pvo-int.com\/de\/ihr-partner-fuer-hochwertige-energiespeicherloesungen-pvo-international\/trina-storage\/"]}]},{"@type":"BreadcrumbList","@id":"https:\/\/www.pvo-int.com\/de\/ihr-partner-fuer-hochwertige-energiespeicherloesungen-pvo-international\/trina-storage\/#breadcrumb","itemListElement":[{"@type":"ListItem","position":1,"name":"Home","item":"https:\/\/www.pvo-int.com\/de\/"},{"@type":"ListItem","position":2,"name":"Speicher","item":"https:\/\/www.pvo-int.com\/de\/ihr-partner-fuer-hochwertige-energiespeicherloesungen-pvo-international\/"},{"@type":"ListItem","position":3,"name":"Trina"}]},{"@type":"WebSite","@id":"https:\/\/www.pvo-int.com\/de\/#website","url":"https:\/\/www.pvo-int.com\/de\/","name":"PVO International","description":"","potentialAction":[{"@type":"SearchAction","target":{"@type":"EntryPoint","urlTemplate":"https:\/\/www.pvo-int.com\/de\/?s={search_term_string}"},"query-input":{"@type":"PropertyValueSpecification","valueRequired":true,"valueName":"search_term_string"}}],"inLanguage":"de"}]}},"_links":{"self":[{"href":"https:\/\/www.pvo-int.com\/de\/wp-json\/wp\/v2\/pages\/29117","targetHints":{"allow":["GET"]}}],"collection":[{"href":"https:\/\/www.pvo-int.com\/de\/wp-json\/wp\/v2\/pages"}],"about":[{"href":"https:\/\/www.pvo-int.com\/de\/wp-json\/wp\/v2\/types\/page"}],"author":[{"embeddable":true,"href":"https:\/\/www.pvo-int.com\/de\/wp-json\/wp\/v2\/users\/9"}],"replies":[{"embeddable":true,"href":"https:\/\/www.pvo-int.com\/de\/wp-json\/wp\/v2\/comments?post=29117"}],"version-history":[{"count":9,"href":"https:\/\/www.pvo-int.com\/de\/wp-json\/wp\/v2\/pages\/29117\/revisions"}],"predecessor-version":[{"id":33878,"href":"https:\/\/www.pvo-int.com\/de\/wp-json\/wp\/v2\/pages\/29117\/revisions\/33878"}],"up":[{"embeddable":true,"href":"https:\/\/www.pvo-int.com\/de\/wp-json\/wp\/v2\/pages\/17900"}],"wp:attachment":[{"href":"https:\/\/www.pvo-int.com\/de\/wp-json\/wp\/v2\/media?parent=29117"}],"curies":[{"name":"wp","href":"https:\/\/api.w.org\/{rel}","templated":true}]}}