{"id":29048,"date":"2024-08-20T09:27:08","date_gmt":"2024-08-20T09:27:08","guid":{"rendered":"https:\/\/www.pvo-int.com\/ihr-partner-fuer-hochwertige-energiespeicherloesungen-pvo-international\/huawei\/"},"modified":"2025-10-16T07:38:34","modified_gmt":"2025-10-16T07:38:34","slug":"huawei","status":"publish","type":"page","link":"https:\/\/www.pvo-int.com\/de\/ihr-partner-fuer-hochwertige-energiespeicherloesungen-pvo-international\/huawei\/","title":{"rendered":"Huawei"},"content":{"rendered":"","protected":false},"excerpt":{"rendered":"","protected":false},"author":9,"featured_media":0,"parent":17900,"menu_order":0,"comment_status":"closed","ping_status":"closed","template":"page-landingspagina.php","meta":{"_acf_changed":false,"content-type":"","footnotes":""},"class_list":["post-29048","page","type-page","status-publish","hentry"],"acf":[],"yoast_head":"<!-- This site is optimized with the Yoast SEO plugin v27.1 - https:\/\/yoast.com\/product\/yoast-seo-wordpress\/ -->\n<title>\u2600\ufe0f Huawei Wechselrichter | PVO International B2B Partner<\/title>\n<meta name=\"description\" content=\"Bestellen Sie Huawei Wechselrichter bei einem zuverl\u00e4ssigen europ\u00e4ischen Vertriebspartner | Hochwertige PV-L\u00f6sungen | Schneller weltweiter Support. \u27a1\ufe0f Mehr erfahren\" \/>\n<meta name=\"robots\" content=\"index, follow, max-snippet:-1, max-image-preview:large, max-video-preview:-1\" \/>\n<link rel=\"canonical\" href=\"https:\/\/www.pvo-int.com\/de\/ihr-partner-fuer-hochwertige-energiespeicherloesungen-pvo-international\/huawei\/\" \/>\n<meta property=\"og:locale\" content=\"de_DE\" \/>\n<meta property=\"og:type\" content=\"article\" \/>\n<meta property=\"og:title\" content=\"\u2600\ufe0f Huawei Wechselrichter | PVO International B2B Partner\" \/>\n<meta property=\"og:description\" content=\"Bestellen Sie Huawei Wechselrichter bei einem zuverl\u00e4ssigen europ\u00e4ischen Vertriebspartner | Hochwertige PV-L\u00f6sungen | Schneller weltweiter Support. \u27a1\ufe0f Mehr erfahren\" \/>\n<meta property=\"og:url\" content=\"https:\/\/www.pvo-int.com\/de\/ihr-partner-fuer-hochwertige-energiespeicherloesungen-pvo-international\/huawei\/\" \/>\n<meta property=\"og:site_name\" content=\"PVO International\" \/>\n<meta property=\"article:modified_time\" content=\"2025-10-16T07:38:34+00:00\" \/>\n<meta name=\"twitter:card\" content=\"summary_large_image\" \/>\n<script type=\"application\/ld+json\" class=\"yoast-schema-graph\">{\"@context\":\"https:\/\/schema.org\",\"@graph\":[{\"@type\":\"WebPage\",\"@id\":\"https:\/\/www.pvo-int.com\/de\/ihr-partner-fuer-hochwertige-energiespeicherloesungen-pvo-international\/huawei\/\",\"url\":\"https:\/\/www.pvo-int.com\/de\/ihr-partner-fuer-hochwertige-energiespeicherloesungen-pvo-international\/huawei\/\",\"name\":\"\u2600\ufe0f Huawei Wechselrichter | PVO International B2B Partner\",\"isPartOf\":{\"@id\":\"https:\/\/www.pvo-int.com\/de\/#website\"},\"datePublished\":\"2024-08-20T09:27:08+00:00\",\"dateModified\":\"2025-10-16T07:38:34+00:00\",\"description\":\"Bestellen Sie Huawei Wechselrichter bei einem zuverl\u00e4ssigen europ\u00e4ischen Vertriebspartner | Hochwertige PV-L\u00f6sungen | Schneller weltweiter Support. \u27a1\ufe0f Mehr erfahren\",\"breadcrumb\":{\"@id\":\"https:\/\/www.pvo-int.com\/de\/ihr-partner-fuer-hochwertige-energiespeicherloesungen-pvo-international\/huawei\/#breadcrumb\"},\"inLanguage\":\"de\",\"potentialAction\":[{\"@type\":\"ReadAction\",\"target\":[\"https:\/\/www.pvo-int.com\/de\/ihr-partner-fuer-hochwertige-energiespeicherloesungen-pvo-international\/huawei\/\"]}]},{\"@type\":\"BreadcrumbList\",\"@id\":\"https:\/\/www.pvo-int.com\/de\/ihr-partner-fuer-hochwertige-energiespeicherloesungen-pvo-international\/huawei\/#breadcrumb\",\"itemListElement\":[{\"@type\":\"ListItem\",\"position\":1,\"name\":\"Home\",\"item\":\"https:\/\/www.pvo-int.com\/de\/\"},{\"@type\":\"ListItem\",\"position\":2,\"name\":\"Speicher\",\"item\":\"https:\/\/www.pvo-int.com\/de\/ihr-partner-fuer-hochwertige-energiespeicherloesungen-pvo-international\/\"},{\"@type\":\"ListItem\",\"position\":3,\"name\":\"Huawei\"}]},{\"@type\":\"WebSite\",\"@id\":\"https:\/\/www.pvo-int.com\/de\/#website\",\"url\":\"https:\/\/www.pvo-int.com\/de\/\",\"name\":\"PVO International\",\"description\":\"\",\"potentialAction\":[{\"@type\":\"SearchAction\",\"target\":{\"@type\":\"EntryPoint\",\"urlTemplate\":\"https:\/\/www.pvo-int.com\/de\/?s={search_term_string}\"},\"query-input\":{\"@type\":\"PropertyValueSpecification\",\"valueRequired\":true,\"valueName\":\"search_term_string\"}}],\"inLanguage\":\"de\"}]}<\/script>\n<!-- \/ Yoast SEO plugin. -->","yoast_head_json":{"title":"\u2600\ufe0f Huawei Wechselrichter | PVO International B2B Partner","description":"Bestellen Sie Huawei Wechselrichter bei einem zuverl\u00e4ssigen europ\u00e4ischen Vertriebspartner | Hochwertige PV-L\u00f6sungen | Schneller weltweiter Support. \u27a1\ufe0f Mehr erfahren","robots":{"index":"index","follow":"follow","max-snippet":"max-snippet:-1","max-image-preview":"max-image-preview:large","max-video-preview":"max-video-preview:-1"},"canonical":"https:\/\/www.pvo-int.com\/de\/ihr-partner-fuer-hochwertige-energiespeicherloesungen-pvo-international\/huawei\/","og_locale":"de_DE","og_type":"article","og_title":"\u2600\ufe0f Huawei Wechselrichter | PVO International B2B Partner","og_description":"Bestellen Sie Huawei Wechselrichter bei einem zuverl\u00e4ssigen europ\u00e4ischen Vertriebspartner | Hochwertige PV-L\u00f6sungen | Schneller weltweiter Support. \u27a1\ufe0f Mehr erfahren","og_url":"https:\/\/www.pvo-int.com\/de\/ihr-partner-fuer-hochwertige-energiespeicherloesungen-pvo-international\/huawei\/","og_site_name":"PVO International","article_modified_time":"2025-10-16T07:38:34+00:00","twitter_card":"summary_large_image","schema":{"@context":"https:\/\/schema.org","@graph":[{"@type":"WebPage","@id":"https:\/\/www.pvo-int.com\/de\/ihr-partner-fuer-hochwertige-energiespeicherloesungen-pvo-international\/huawei\/","url":"https:\/\/www.pvo-int.com\/de\/ihr-partner-fuer-hochwertige-energiespeicherloesungen-pvo-international\/huawei\/","name":"\u2600\ufe0f Huawei Wechselrichter | PVO International B2B Partner","isPartOf":{"@id":"https:\/\/www.pvo-int.com\/de\/#website"},"datePublished":"2024-08-20T09:27:08+00:00","dateModified":"2025-10-16T07:38:34+00:00","description":"Bestellen Sie Huawei Wechselrichter bei einem zuverl\u00e4ssigen europ\u00e4ischen Vertriebspartner | Hochwertige PV-L\u00f6sungen | Schneller weltweiter Support. \u27a1\ufe0f Mehr erfahren","breadcrumb":{"@id":"https:\/\/www.pvo-int.com\/de\/ihr-partner-fuer-hochwertige-energiespeicherloesungen-pvo-international\/huawei\/#breadcrumb"},"inLanguage":"de","potentialAction":[{"@type":"ReadAction","target":["https:\/\/www.pvo-int.com\/de\/ihr-partner-fuer-hochwertige-energiespeicherloesungen-pvo-international\/huawei\/"]}]},{"@type":"BreadcrumbList","@id":"https:\/\/www.pvo-int.com\/de\/ihr-partner-fuer-hochwertige-energiespeicherloesungen-pvo-international\/huawei\/#breadcrumb","itemListElement":[{"@type":"ListItem","position":1,"name":"Home","item":"https:\/\/www.pvo-int.com\/de\/"},{"@type":"ListItem","position":2,"name":"Speicher","item":"https:\/\/www.pvo-int.com\/de\/ihr-partner-fuer-hochwertige-energiespeicherloesungen-pvo-international\/"},{"@type":"ListItem","position":3,"name":"Huawei"}]},{"@type":"WebSite","@id":"https:\/\/www.pvo-int.com\/de\/#website","url":"https:\/\/www.pvo-int.com\/de\/","name":"PVO International","description":"","potentialAction":[{"@type":"SearchAction","target":{"@type":"EntryPoint","urlTemplate":"https:\/\/www.pvo-int.com\/de\/?s={search_term_string}"},"query-input":{"@type":"PropertyValueSpecification","valueRequired":true,"valueName":"search_term_string"}}],"inLanguage":"de"}]}},"_links":{"self":[{"href":"https:\/\/www.pvo-int.com\/de\/wp-json\/wp\/v2\/pages\/29048","targetHints":{"allow":["GET"]}}],"collection":[{"href":"https:\/\/www.pvo-int.com\/de\/wp-json\/wp\/v2\/pages"}],"about":[{"href":"https:\/\/www.pvo-int.com\/de\/wp-json\/wp\/v2\/types\/page"}],"author":[{"embeddable":true,"href":"https:\/\/www.pvo-int.com\/de\/wp-json\/wp\/v2\/users\/9"}],"replies":[{"embeddable":true,"href":"https:\/\/www.pvo-int.com\/de\/wp-json\/wp\/v2\/comments?post=29048"}],"version-history":[{"count":11,"href":"https:\/\/www.pvo-int.com\/de\/wp-json\/wp\/v2\/pages\/29048\/revisions"}],"predecessor-version":[{"id":33877,"href":"https:\/\/www.pvo-int.com\/de\/wp-json\/wp\/v2\/pages\/29048\/revisions\/33877"}],"up":[{"embeddable":true,"href":"https:\/\/www.pvo-int.com\/de\/wp-json\/wp\/v2\/pages\/17900"}],"wp:attachment":[{"href":"https:\/\/www.pvo-int.com\/de\/wp-json\/wp\/v2\/media?parent=29048"}],"curies":[{"name":"wp","href":"https:\/\/api.w.org\/{rel}","templated":true}]}}